{"id":12,"date":"2019-10-28T01:54:20","date_gmt":"2019-10-28T01:54:20","guid":{"rendered":"https:\/\/demosoledad.pencidesign.net\/soledad-construction-business-multipurpose\/?page_id=12"},"modified":"2024-01-04T17:30:22","modified_gmt":"2024-01-04T14:30:22","slug":"contact-us","status":"publish","type":"page","link":"https:\/\/1919pro.com\/index.php\/contact-us\/","title":{"rendered":"Contact Us"},"content":{"rendered":"\t\t<div data-elementor-type=\"wp-page\" data-elementor-id=\"12\" class=\"elementor elementor-12\">\n\t\t\t\t\t\t<section class=\"penci-section penci-dmcheck penci-elbg-activate penci-disSticky penci-structure-10 elementor-section elementor-top-section elementor-element elementor-element-e798e86 elementor-section-boxed elementor-section-height-default elementor-section-height-default\" data-id=\"e798e86\" data-element_type=\"section\" data-settings=\"{&quot;background_background&quot;:&quot;classic&quot;}\">\n\t\t\t\t\t\t<div class=\"elementor-container elementor-column-gap-no\">\n\t\t\t\t\t<div class=\"penci-ercol-100 penci-ercol-order-1 penci-sticky-ct    elementor-column elementor-col-100 elementor-top-column elementor-element elementor-element-f57ef07\" data-id=\"f57ef07\" data-element_type=\"column\">\n\t\t\t<div class=\"elementor-widget-wrap elementor-element-populated\">\n\t\t\t\t\t\t<div class=\"elementor-element elementor-element-cba28db elementor-widget elementor-widget-penci-fancy_heading\" data-id=\"cba28db\" data-element_type=\"widget\" data-widget_type=\"penci-fancy_heading.default\">\n\t\t\t\t<div class=\"elementor-widget-container\">\n\t\t\t\t\t\t\t<div class=\"penci-fancy-heading penci-heading-text-center\">\r\n\t\t\t<div class=\"penci-fancy-heading-inner\">\r\n\t\t\t\t<h2 class=\"penci-heading-title\"><span class=\"inner-tit\">\u0130leti\u015fim<\/span><\/h2>\t\t\t<\/div>\r\n\t\t<\/div>\r\n\t\t\t\t\t\t<\/div>\n\t\t\t\t<\/div>\n\t\t\t\t\t<\/div>\n\t\t<\/div>\n\t\t\t\t\t<\/div>\n\t\t<\/section>\n\t\t\t\t<section class=\"penci-section penci-disSticky penci-structure-20 elementor-section elementor-top-section elementor-element elementor-element-13316f7 elementor-section-content-middle elementor-section-boxed elementor-section-height-default elementor-section-height-default\" data-id=\"13316f7\" data-element_type=\"section\">\n\t\t\t\t\t\t<div class=\"elementor-container elementor-column-gap-wider\">\n\t\t\t\t\t<div class=\"penci-ercol-50 penci-ercol-order-1 penci-sticky-ct    elementor-column elementor-col-50 elementor-top-column elementor-element elementor-element-70abf93\" data-id=\"70abf93\" data-element_type=\"column\">\n\t\t\t<div class=\"elementor-widget-wrap elementor-element-populated\">\n\t\t\t\t\t\t<div class=\"elementor-element elementor-element-f7b9bf2 elementor-widget elementor-widget-image\" data-id=\"f7b9bf2\" data-element_type=\"widget\" data-widget_type=\"image.default\">\n\t\t\t\t<div class=\"elementor-widget-container\">\n\t\t\t\t\t\t\t\t\t\t\t\t\t\t\t<img fetchpriority=\"high\" decoding=\"async\" width=\"1024\" height=\"514\" src=\"https:\/\/1919pro.com\/wp-content\/uploads\/2024\/01\/yeni6-1024x514.jpg\" class=\"attachment-large size-large wp-image-494\" alt=\"\" srcset=\"https:\/\/1919pro.com\/wp-content\/uploads\/2024\/01\/yeni6-1024x514.jpg 1024w, https:\/\/1919pro.com\/wp-content\/uploads\/2024\/01\/yeni6-300x151.jpg 300w, https:\/\/1919pro.com\/wp-content\/uploads\/2024\/01\/yeni6-768x386.jpg 768w, https:\/\/1919pro.com\/wp-content\/uploads\/2024\/01\/yeni6-1536x772.jpg 1536w, https:\/\/1919pro.com\/wp-content\/uploads\/2024\/01\/yeni6-2048x1029.jpg 2048w, https:\/\/1919pro.com\/wp-content\/uploads\/2024\/01\/yeni6-1920x965.jpg 1920w, https:\/\/1919pro.com\/wp-content\/uploads\/2024\/01\/yeni6-1170x588.jpg 1170w, https:\/\/1919pro.com\/wp-content\/uploads\/2024\/01\/yeni6-585x294.jpg 585w\" sizes=\"(max-width: 1024px) 100vw, 1024px\" \/>\t\t\t\t\t\t\t\t\t\t\t\t\t\t\t<\/div>\n\t\t\t\t<\/div>\n\t\t\t\t\t<\/div>\n\t\t<\/div>\n\t\t\t\t<div class=\"penci-ercol-50 penci-ercol-order-2 penci-sticky-ct    elementor-column elementor-col-50 elementor-top-column elementor-element elementor-element-d75610a\" data-id=\"d75610a\" data-element_type=\"column\">\n\t\t\t<div class=\"elementor-widget-wrap elementor-element-populated\">\n\t\t\t\t\t\t<div class=\"elementor-element elementor-element-4b7602d elementor-widget elementor-widget-penci-fancy_heading\" data-id=\"4b7602d\" data-element_type=\"widget\" data-widget_type=\"penci-fancy_heading.default\">\n\t\t\t\t<div class=\"elementor-widget-container\">\n\t\t\t\t\t\t\t<div class=\"penci-fancy-heading penci-heading-text-left\">\r\n\t\t\t<div class=\"penci-fancy-heading-inner\">\r\n\t\t\t\t<h2 class=\"penci-heading-title\"><span class=\"inner-tit\">Mesaj\u0131n\u0131z\u0131 Yaz\u0131n\u0131z<\/span><\/h2>\t\t\t<\/div>\r\n\t\t<\/div>\r\n\t\t\t\t\t\t<\/div>\n\t\t\t\t<\/div>\n\t\t\t\t<div class=\"elementor-element elementor-element-e87b535 elementor-widget__width-initial elementor-widget elementor-widget-shortcode\" data-id=\"e87b535\" data-element_type=\"widget\" data-widget_type=\"shortcode.default\">\n\t\t\t\t<div class=\"elementor-widget-container\">\n\t\t\t\t\t\t\t<div class=\"elementor-shortcode\">\n<div class=\"wpcf7 no-js\" id=\"wpcf7-f135-o1\" lang=\"en-US\" dir=\"ltr\" data-wpcf7-id=\"135\">\n<div class=\"screen-reader-response\"><p role=\"status\" aria-live=\"polite\" aria-atomic=\"true\"><\/p> <ul><\/ul><\/div>\n<form action=\"\/index.php\/wp-json\/wp\/v2\/pages\/12#wpcf7-f135-o1\" method=\"post\" class=\"wpcf7-form init\" aria-label=\"Contact form\" novalidate=\"novalidate\" data-status=\"init\">\n<fieldset class=\"hidden-fields-container\"><input type=\"hidden\" name=\"_wpcf7\" value=\"135\" \/><input type=\"hidden\" name=\"_wpcf7_version\" value=\"6.1.4\" \/><input type=\"hidden\" name=\"_wpcf7_locale\" value=\"en_US\" \/><input type=\"hidden\" name=\"_wpcf7_unit_tag\" value=\"wpcf7-f135-o1\" \/><input type=\"hidden\" name=\"_wpcf7_container_post\" value=\"0\" \/><input type=\"hidden\" name=\"_wpcf7_posted_data_hash\" value=\"\" \/>\n<\/fieldset>\n<p class=\"name\"><span class=\"wpcf7-form-control-wrap\" data-name=\"your-name\"><input size=\"40\" maxlength=\"400\" class=\"wpcf7-form-control wpcf7-text wpcf7-validates-as-required\" aria-required=\"true\" aria-invalid=\"false\" placeholder=\"isim\" value=\"\" type=\"text\" name=\"your-name\" \/><\/span>\n<\/p>\n<p class=\"email\"><span class=\"wpcf7-form-control-wrap\" data-name=\"your-email\"><input size=\"40\" maxlength=\"400\" class=\"wpcf7-form-control wpcf7-email wpcf7-validates-as-required wpcf7-text wpcf7-validates-as-email\" aria-required=\"true\" aria-invalid=\"false\" placeholder=\"E-Posta\" value=\"\" type=\"email\" name=\"your-email\" \/><\/span>\n<\/p>\n<p class=\"subject\"><span class=\"wpcf7-form-control-wrap\" data-name=\"your-subject\"><input size=\"40\" maxlength=\"400\" class=\"wpcf7-form-control wpcf7-text\" aria-invalid=\"false\" placeholder=\"Konu\" value=\"\" type=\"text\" name=\"your-subject\" \/><\/span>\n<\/p>\n<p class=\"message\"><span class=\"wpcf7-form-control-wrap\" data-name=\"your-message\"><textarea cols=\"40\" rows=\"10\" maxlength=\"2000\" class=\"wpcf7-form-control wpcf7-textarea wpcf7-validates-as-required\" aria-required=\"true\" aria-invalid=\"false\" placeholder=\"Mesaj\" name=\"your-message\"><\/textarea><\/span>\n<\/p>\n<p class=\"submit\"><input class=\"wpcf7-form-control wpcf7-submit has-spinner\" type=\"submit\" value=\"G\u00f6nder\" \/>\n<\/p><div class=\"wpcf7-response-output\" aria-hidden=\"true\"><\/div>\n<\/form>\n<\/div>\n<\/div>\n\t\t\t\t\t\t<\/div>\n\t\t\t\t<\/div>\n\t\t\t\t\t<\/div>\n\t\t<\/div>\n\t\t\t\t\t<\/div>\n\t\t<\/section>\n\t\t<div class=\"elementor-element elementor-element-1d137a7 e-flex e-con-boxed e-con e-parent\" data-id=\"1d137a7\" data-element_type=\"container\">\n\t\t\t\t\t<div class=\"e-con-inner\">\n\t\t\t\t<div class=\"elementor-element elementor-element-ff18836 elementor-widget elementor-widget-google_maps\" data-id=\"ff18836\" data-element_type=\"widget\" data-widget_type=\"google_maps.default\">\n\t\t\t\t<div class=\"elementor-widget-container\">\n\t\t\t\t\t\t\t<div class=\"elementor-custom-embed\">\n\t\t\t<iframe loading=\"lazy\"\n\t\t\t\t\tsrc=\"https:\/\/maps.google.com\/maps?q=Emek%20Mah.%2019020%20Nolu%20Sk.%20No%3A4%20Gaziantep%20%2F%20%C5%9Eehitkamil&#038;t=m&#038;z=10&#038;output=embed&#038;iwloc=near\"\n\t\t\t\t\ttitle=\"Emek Mah. 19020 Nolu Sk. No:4 Gaziantep \/ \u015eehitkamil\"\n\t\t\t\t\taria-label=\"Emek Mah. 19020 Nolu Sk. No:4 Gaziantep \/ \u015eehitkamil\"\n\t\t\t><\/iframe>\n\t\t<\/div>\n\t\t\t\t\t\t<\/div>\n\t\t\t\t<\/div>\n\t\t\t\t\t<\/div>\n\t\t\t\t<\/div>\n\t\t<div class=\"elementor-element elementor-element-1a6e162 e-flex e-con-boxed e-con e-parent\" data-id=\"1a6e162\" data-element_type=\"container\">\n\t\t\t\t\t<div class=\"e-con-inner\">\n\t\t\t\t<div class=\"elementor-element elementor-element-d21a0b7 elementor-widget elementor-widget-penci-fancy_heading\" data-id=\"d21a0b7\" data-element_type=\"widget\" data-widget_type=\"penci-fancy_heading.default\">\n\t\t\t\t<div class=\"elementor-widget-container\">\n\t\t\t\t\t\t\t<div class=\"penci-fancy-heading penci-heading-text-center\">\r\n\t\t\t<div class=\"penci-fancy-heading-inner\">\r\n\t\t\t\t<h2 class=\"penci-heading-title\"><span class=\"inner-tit\">Merkez\n<\/span><\/h2>\t\t\t<\/div>\r\n\t\t<\/div>\r\n\t\t\t\t\t\t<\/div>\n\t\t\t\t<\/div>\n\t\t\t\t\t<\/div>\n\t\t\t\t<\/div>\n\t\t<div class=\"elementor-element elementor-element-e2676cc e-flex e-con-boxed e-con e-parent\" data-id=\"e2676cc\" data-element_type=\"container\">\n\t\t\t\t\t<div class=\"e-con-inner\">\n\t\t<div class=\"elementor-element elementor-element-5f74fd4 e-con-full e-flex e-con e-child\" data-id=\"5f74fd4\" data-element_type=\"container\">\n\t\t\t\t<div class=\"elementor-element elementor-element-32307e2 elementor-widget elementor-widget-penci-info-box\" data-id=\"32307e2\" data-element_type=\"widget\" data-widget_type=\"penci-info-box.default\">\n\t\t\t\t<div class=\"elementor-widget-container\">\n\t\t\t\t\t        <div id=\"penci_info_box_21227\" class=\"penci-block-vc penci-info-box penci-ibox-float-left penci-view-default penci-shape-circle\">\r\n            <div class=\"penci-ibox-inner\">\r\n\t\t\t\t\t\t\t\t<div class=\"penci-ibox-icon penci-ibox-icon--icon penci-icon penci-tibox-icon\"><span class=\"penci-ibox-icon-fa\"><i class=\"penci-ibox-icon--i fa fa-map-marker\" aria-hidden=\"true\"><\/i><\/span><\/div>                <div class=\"penci-ibox-content-wrap\">\r\n\t\t\t\t\t\t\t\t\t\t<h3\r\n                            class=\"penci-ibox-title\">Adres<\/h3>\t\t\t\t\t\t\t\t\t\t                        <div class=\"penci-ibox-content\"><p>Emek Mah. 19020 Nolu Sk. No:4<br \/>Gaziantep \/ \u015eehitkamil<\/p>\n<\/div>\t\t\t\t\t                <\/div>\r\n            <\/div>\r\n        <\/div>\r\n\t\t\t\t\t\t<\/div>\n\t\t\t\t<\/div>\n\t\t\t\t<div class=\"elementor-element elementor-element-965d259 elementor-widget elementor-widget-penci-info-box\" data-id=\"965d259\" data-element_type=\"widget\" data-widget_type=\"penci-info-box.default\">\n\t\t\t\t<div class=\"elementor-widget-container\">\n\t\t\t\t\t        <div id=\"penci_info_box_84173\" class=\"penci-block-vc penci-info-box penci-ibox-float-left penci-view-default penci-shape-circle\">\r\n            <div class=\"penci-ibox-inner\">\r\n\t\t\t\t\t\t\t\t<div class=\"penci-ibox-icon penci-ibox-icon--icon penci-icon penci-tibox-icon\"><span class=\"penci-ibox-icon-fa\"><i class=\"penci-ibox-icon--i fa fa-phone\" aria-hidden=\"true\"><\/i><\/span><\/div>                <div class=\"penci-ibox-content-wrap\">\r\n\t\t\t\t\t\t\t\t\t\t<h3\r\n                            class=\"penci-ibox-title\">Telefon<\/h3>\t\t\t\t\t\t\t\t\t\t                        <div class=\"penci-ibox-content\"><p><a class=\"hover-text\" href=\"tel:05525101919\">05525101919<\/a><\/p>\n<\/div>\t\t\t\t\t                <\/div>\r\n            <\/div>\r\n        <\/div>\r\n\t\t\t\t\t\t<\/div>\n\t\t\t\t<\/div>\n\t\t\t\t<div class=\"elementor-element elementor-element-3f28448 elementor-widget elementor-widget-penci-info-box\" data-id=\"3f28448\" data-element_type=\"widget\" data-widget_type=\"penci-info-box.default\">\n\t\t\t\t<div class=\"elementor-widget-container\">\n\t\t\t\t\t        <div id=\"penci_info_box_48131\" class=\"penci-block-vc penci-info-box penci-ibox-float-left penci-view-default penci-shape-circle\">\r\n            <div class=\"penci-ibox-inner\">\r\n\t\t\t\t\t\t\t\t<div class=\"penci-ibox-icon penci-ibox-icon--icon penci-icon penci-tibox-icon\"><span class=\"penci-ibox-icon-fa\"><i class=\"penci-ibox-icon--i fa fa-envelope\" aria-hidden=\"true\"><\/i><\/span><\/div>                <div class=\"penci-ibox-content-wrap\">\r\n\t\t\t\t\t\t\t\t\t\t<h3\r\n                            class=\"penci-ibox-title\">E-Posta<\/h3>\t\t\t\t\t\t\t\t\t\t                        <div class=\"penci-ibox-content\"><p>info@akademi1919.com<\/p>\n<\/div>\t\t\t\t\t                <\/div>\r\n            <\/div>\r\n        <\/div>\r\n\t\t\t\t\t\t<\/div>\n\t\t\t\t<\/div>\n\t\t\t\t<\/div>\n\t\t<div class=\"elementor-element elementor-element-69da29a e-con-full e-flex e-con e-child\" data-id=\"69da29a\" data-element_type=\"container\">\n\t\t\t\t<div class=\"elementor-element elementor-element-0532347 elementor-widget elementor-widget-penci-social-media\" data-id=\"0532347\" data-element_type=\"widget\" data-widget_type=\"penci-social-media.default\">\n\t\t\t\t<div class=\"elementor-widget-container\">\n\t\t\t\t\t\t\t<div class=\"penci-block-vc penci-social-media\">\n\t\t\t        <div class=\"penci-border-arrow penci-homepage-title penci-home-latest-posts style-12 pcalign-left pciconp-right pcicon-right block-title-icon-left\">\r\n            <h3 class=\"inner-arrow\">\r\n                <span>\r\n                    <span>Sosyal Medya<\/a>                <\/span>\r\n            <\/h3>\r\n\t\t\t        <\/div>\r\n\t\t\t\t\t<div class=\"penci-block_content widget-social pc_alignleft\">\n\t\t\t\t\t\t\t\t\t\t<a href=\"#\" aria-label=\"Facebook\"  rel=\"noreferrer\" target=\"_blank\"><i class=\"penci-faicon fa fa-facebook\" ><\/i><span>Facebook<\/span><\/a>\n\t\t\t\t\t\t\t\t\t\t\t\t<a href=\"#\" aria-label=\"Twitter\"  rel=\"noreferrer\" target=\"_blank\"><i class=\"penci-faicon penciicon-x-twitter\" ><\/i><span>Twitter<\/span><\/a>\n\t\t\t\t\t\t\t\t\t\t\t\t<a href=\"https:\/\/www.instagram.com\/gaziantep_bogazicikoleji\/\" aria-label=\"Instagram\"  rel=\"noreferrer\" target=\"_blank\"><i class=\"penci-faicon fa fa-instagram\" ><\/i><span>Instagram<\/span><\/a>\n\t\t\t\t\t\t\t\t\t\t\t\t<a href=\"#\" aria-label=\"Youtube\"  rel=\"noreferrer\" target=\"_blank\"><i class=\"penci-faicon fa fa-youtube-play\" ><\/i><span>Youtube<\/span><\/a>\n\t\t\t\t\t\t\t\t\t<\/div>\n\t\t<\/div>\n\t\t\t\t\t\t<\/div>\n\t\t\t\t<\/div>\n\t\t\t\t<\/div>\n\t\t\t\t\t<\/div>\n\t\t\t\t<\/div>\n\t\t<div class=\"elementor-element elementor-element-5098ee6 e-flex e-con-boxed e-con e-parent\" data-id=\"5098ee6\" data-element_type=\"container\">\n\t\t\t\t\t<div class=\"e-con-inner\">\n\t\t\t\t<div class=\"elementor-element elementor-element-ed53502 elementor-widget elementor-widget-spacer\" data-id=\"ed53502\" data-element_type=\"widget\" data-widget_type=\"spacer.default\">\n\t\t\t\t<div class=\"elementor-widget-container\">\n\t\t\t\t\t\t\t<div class=\"elementor-spacer\">\n\t\t\t<div class=\"elementor-spacer-inner\"><\/div>\n\t\t<\/div>\n\t\t\t\t\t\t<\/div>\n\t\t\t\t<\/div>\n\t\t\t\t\t<\/div>\n\t\t\t\t<\/div>\n\t\t\t\t<\/div>\n\t\t","protected":false},"excerpt":{"rendered":"<p>\u0130leti\u015fim Mesaj\u0131n\u0131z\u0131 Yaz\u0131n\u0131z Merkez Adres Emek Mah. 19020 Nolu Sk. No:4Gaziantep \/ \u015eehitkamil Telefon 05525101919 E-Posta info@akademi1919.com Sosyal Medya Facebook Twitter Instagram Youtube<\/p>\n","protected":false},"author":1,"featured_media":0,"parent":0,"menu_order":0,"comment_status":"closed","ping_status":"closed","template":"page-fullwidth.php","meta":{"content-type":"","footnotes":""},"class_list":["post-12","page","type-page","status-publish","hentry"],"_links":{"self":[{"href":"https:\/\/1919pro.com\/index.php\/wp-json\/wp\/v2\/pages\/12","targetHints":{"allow":["GET"]}}],"collection":[{"href":"https:\/\/1919pro.com\/index.php\/wp-json\/wp\/v2\/pages"}],"about":[{"href":"https:\/\/1919pro.com\/index.php\/wp-json\/wp\/v2\/types\/page"}],"author":[{"embeddable":true,"href":"https:\/\/1919pro.com\/index.php\/wp-json\/wp\/v2\/users\/1"}],"replies":[{"embeddable":true,"href":"https:\/\/1919pro.com\/index.php\/wp-json\/wp\/v2\/comments?post=12"}],"version-history":[{"count":37,"href":"https:\/\/1919pro.com\/index.php\/wp-json\/wp\/v2\/pages\/12\/revisions"}],"predecessor-version":[{"id":513,"href":"https:\/\/1919pro.com\/index.php\/wp-json\/wp\/v2\/pages\/12\/revisions\/513"}],"wp:attachment":[{"href":"https:\/\/1919pro.com\/index.php\/wp-json\/wp\/v2\/media?parent=12"}],"curies":[{"name":"wp","href":"https:\/\/api.w.org\/{rel}","templated":true}]}}