{"id":14,"date":"2019-10-28T01:54:47","date_gmt":"2019-10-28T01:54:47","guid":{"rendered":"https:\/\/demosoledad.pencidesign.net\/soledad-construction-business-multipurpose\/?page_id=14"},"modified":"2023-12-28T20:01:19","modified_gmt":"2023-12-28T17:01:19","slug":"our-blog","status":"publish","type":"page","link":"https:\/\/1919pro.com\/index.php\/our-blog\/","title":{"rendered":"Blo\u011fumuz"},"content":{"rendered":"\t\t<div data-elementor-type=\"wp-page\" data-elementor-id=\"14\" class=\"elementor elementor-14\">\n\t\t\t\t\t\t<section class=\"penci-section penci-dmcheck penci-elbg-activate penci-disSticky penci-structure-10 elementor-section elementor-top-section elementor-element elementor-element-a020ff7 elementor-section-boxed elementor-section-height-default elementor-section-height-default\" data-id=\"a020ff7\" data-element_type=\"section\" data-settings=\"{&quot;background_background&quot;:&quot;classic&quot;}\">\n\t\t\t\t\t\t<div class=\"elementor-container elementor-column-gap-no\">\n\t\t\t\t\t<div class=\"penci-ercol-100 penci-ercol-order-1 penci-sticky-ct    elementor-column elementor-col-100 elementor-top-column elementor-element elementor-element-65d9dee\" data-id=\"65d9dee\" data-element_type=\"column\">\n\t\t\t<div class=\"elementor-widget-wrap elementor-element-populated\">\n\t\t\t\t\t\t<div class=\"elementor-element elementor-element-9680aca elementor-widget elementor-widget-penci-fancy_heading\" data-id=\"9680aca\" data-element_type=\"widget\" data-widget_type=\"penci-fancy_heading.default\">\n\t\t\t\t<div class=\"elementor-widget-container\">\n\t\t\t\t\t\t\t<div class=\"penci-fancy-heading penci-heading-text-center\">\r\n\t\t\t<div class=\"penci-fancy-heading-inner\">\r\n\t\t\t\t<h2 class=\"penci-heading-title\"><span class=\"inner-tit\">E\u011fitim Felsefesi<\/span><\/h2>\t\t\t<\/div>\r\n\t\t<\/div>\r\n\t\t\t\t\t\t<\/div>\n\t\t\t\t<\/div>\n\t\t\t\t\t<\/div>\n\t\t<\/div>\n\t\t\t\t\t<\/div>\n\t\t<\/section>\n\t\t\t\t<section class=\"penci-section penci-disSticky penci-structure-10 elementor-section elementor-top-section elementor-element elementor-element-bd04cb8 elementor-section-boxed elementor-section-height-default elementor-section-height-default\" data-id=\"bd04cb8\" data-element_type=\"section\">\n\t\t\t\t\t\t<div class=\"elementor-container elementor-column-gap-no\">\n\t\t\t\t\t<div class=\"penci-ercol-100 penci-ercol-order-1 penci-sticky-ct    elementor-column elementor-col-100 elementor-top-column elementor-element elementor-element-4af9b47\" data-id=\"4af9b47\" data-element_type=\"column\">\n\t\t\t<div class=\"elementor-widget-wrap elementor-element-populated\">\n\t\t\t\t\t\t<div class=\"elementor-element elementor-element-fb84431 elementor-widget elementor-widget-penci-latest-posts\" data-id=\"fb84431\" data-element_type=\"widget\" data-widget_type=\"penci-latest-posts.default\">\n\t\t\t\t<div class=\"elementor-widget-container\">\n\t\t\t\t\t                <div id=\"pencilatest_posts_57528\" class=\"penci-latest-posts-sc penci-latest-posts-grid penci-latest-posts-el pencipw-hd-text penci-el-mixed-s1 penci-latest-posts-left penci-std-continue-center penci-std-excerpt-center penci-grid-excerpt-left\">\r\n\t\t\t\t\t                    <div class=\"penci-wrapper-posts-ajax\">\r\n\r\n                        <div class=\"penci-wrapper-posts-content pwid-default\">\r\n\r\n\t\t\t\t\t\t\t\t\t\t\t\t\t\t\t                                <ul class=\"penci-wrapper-data penci-grid penci-shortcode-render\">\t\t\t\t\t\t\t\t\t\t\t\t\t\t\t\t\t\t\t\t<li class=\"grid-style\">\r\n\t<article id=\"post-458\" class=\"item hentry\">\r\n\t\t\t\t\t<div class=\"thumbnail\">\r\n\t\t\t\t\t\t\t\t\t\t\t\t<a class=\"penci-image-holder penci-lazy\" data-bgset=\"https:\/\/1919pro.com\/wp-content\/uploads\/2023\/12\/1470990-1-585x390.jpg\" href=\"https:\/\/1919pro.com\/index.php\/2023\/12\/28\/turkiyede-egitimin-sorunlari-ve-cozum-onerileri\/\" title=\"T\u00fcrkiye&#8217;de E\u011fitimin Sorunlar\u0131 ve \u00c7\u00f6z\u00fcm \u00d6nerileri\">\r\n\t\t\t\t<\/a>\r\n\t\t\t\t\r\n\t\t\t\t\t\t\t\t\t\t\t\t\t\t\t\t\t\t\t\t\t\t\t\t\t\t\t\t\t\t\t\t\t\t\t\t<\/div>\r\n\t\t\r\n\t\t<div class=\"grid-header-box\">\r\n\t\t\t\t\t\t\t<span class=\"cat\"><a style=\"\" class=\"penci-cat-name penci-cat-10\" href=\"https:\/\/1919pro.com\/index.php\/category\/egitim\/\"  rel=\"category tag\"><span style=\"\">E\u011fitim<\/span><\/a><\/span>\r\n\t\t\t\r\n\t\t\t<h2 class=\"penci-entry-title entry-title grid-title\"><a href=\"https:\/\/1919pro.com\/index.php\/2023\/12\/28\/turkiyede-egitimin-sorunlari-ve-cozum-onerileri\/\">T\u00fcrkiye&#8217;de E\u011fitimin Sorunlar\u0131 ve \u00c7\u00f6z\u00fcm \u00d6nerileri<\/a><\/h2>\r\n\t\t\t\t\t<div class=\"penci-hide-tagupdated\">\n\t\t\t<span class=\"author-italic author vcard\">by \t\t\t\t\t\t\t\t\t\t<a class=\"author-url url fn n\"\n\t\t\t\t\t\t\t\t\t\t\thref=\"https:\/\/1919pro.com\/index.php\/author\/imran\/\">imran<\/a>\n\t\t\t\t\t\t\t\t\t<\/span>\n\t\t\t<time class=\"entry-date published\" datetime=\"2023-12-28T20:25:57+03:00\">28 Aral\u0131k 2023<\/time>\t\t<\/div>\n\t\t\t\t\t\t\t\t\t\t<div class=\"grid-post-box-meta\">\r\n\t\t\t\t\t\t\t\t\t\t\t<span class=\"otherl-date-author author-italic author vcard\">by                                 <a class=\"author-url url fn n\"\r\n                                   href=\"https:\/\/1919pro.com\/index.php\/author\/imran\/\">imran<\/a>\r\n\t\t\t\t\t\t\t<\/span>\r\n\t\t\t\t\t\t\t\t\t\t\t\t\t\t\t\t<span class=\"otherl-date\"><time class=\"entry-date published\" datetime=\"2023-12-28T20:25:57+03:00\">28 Aral\u0131k 2023<\/time><\/span>\r\n\t\t\t\t\t\t\t\t\t\t\t\t\t\t\t\t\t\t\t\t\t\t\t\t\t\t\t\t\t<\/div>\r\n\t\t\t\t\t<\/div>\r\n\r\n\t\t\t\t\t<div class=\"item-content entry-content\">\r\n\t\t\t\t<p>Merhaba! Bug\u00fcn T\u00fcrkiye&#8217;de e\u011fitimin sorunlar\u0131n\u0131 ve \u00e7\u00f6z\u00fcm \u00f6nerilerini konu\u015faca\u011f\u0131z. E\u011fitim, bir \u00fclkenin geli\u015fmesi ve ilerlemesi i\u00e7in temel bir unsurdur. Ancak, T\u00fcrkiye&#8217;de e\u011fitim &#8230;<\/p>\n\t\t\t<\/div>\r\n\t\t\r\n\t\t\r\n\t\t\t<\/article>\r\n<\/li>\r\n<li class=\"grid-style\">\r\n\t<article id=\"post-310\" class=\"item hentry\">\r\n\t\t\t\t\t<div class=\"thumbnail\">\r\n\t\t\t\t\t\t\t\t\t\t\t\t<a class=\"penci-image-holder penci-lazy\" data-bgset=\"https:\/\/1919pro.com\/wp-content\/uploads\/2023\/10\/group-students-table-585x390.jpg\" href=\"https:\/\/1919pro.com\/index.php\/2023\/10\/16\/21-yuzyilda-egitimin-onemi\/\" title=\"21. Y\u00fczy\u0131lda E\u011fitimin \u00d6nemi\">\r\n\t\t\t\t<\/a>\r\n\t\t\t\t\r\n\t\t\t\t\t\t\t\t\t\t\t\t\t\t\t\t\t\t\t\t\t\t\t\t\t\t\t\t\t\t\t\t\t\t\t\t<\/div>\r\n\t\t\r\n\t\t<div class=\"grid-header-box\">\r\n\t\t\t\t\t\t\t<span class=\"cat\"><a style=\"\" class=\"penci-cat-name penci-cat-10\" href=\"https:\/\/1919pro.com\/index.php\/category\/egitim\/\"  rel=\"category tag\"><span style=\"\">E\u011fitim<\/span><\/a><\/span>\r\n\t\t\t\r\n\t\t\t<h2 class=\"penci-entry-title entry-title grid-title\"><a href=\"https:\/\/1919pro.com\/index.php\/2023\/10\/16\/21-yuzyilda-egitimin-onemi\/\">21. Y\u00fczy\u0131lda E\u011fitimin \u00d6nemi<\/a><\/h2>\r\n\t\t\t\t\t<div class=\"penci-hide-tagupdated\">\n\t\t\t<span class=\"author-italic author vcard\">by \t\t\t\t\t\t\t\t\t\t<a class=\"author-url url fn n\"\n\t\t\t\t\t\t\t\t\t\t\thref=\"https:\/\/1919pro.com\/index.php\/author\/sehid\/\">sehid katan<\/a>\n\t\t\t\t\t\t\t\t\t<\/span>\n\t\t\t<time class=\"entry-date published\" datetime=\"2023-10-16T10:15:54+03:00\">16 Ekim 2023<\/time>\t\t<\/div>\n\t\t\t\t\t\t\t\t\t\t<div class=\"grid-post-box-meta\">\r\n\t\t\t\t\t\t\t\t\t\t\t<span class=\"otherl-date-author author-italic author vcard\">by                                 <a class=\"author-url url fn n\"\r\n                                   href=\"https:\/\/1919pro.com\/index.php\/author\/sehid\/\">sehid katan<\/a>\r\n\t\t\t\t\t\t\t<\/span>\r\n\t\t\t\t\t\t\t\t\t\t\t\t\t\t\t\t<span class=\"otherl-date\"><time class=\"entry-date published\" datetime=\"2023-10-16T10:15:54+03:00\">16 Ekim 2023<\/time><\/span>\r\n\t\t\t\t\t\t\t\t\t\t\t\t\t\t\t\t\t\t\t\t\t\t\t\t\t\t\t\t\t<\/div>\r\n\t\t\t\t\t<\/div>\r\n\r\n\t\t\t\t\t<div class=\"item-content entry-content\">\r\n\t\t\t\t<p>21. y\u00fczy\u0131lda e\u011fitim, bireylerin ba\u015far\u0131l\u0131 bir gelecek i\u00e7in gerekli olan becerileri kazanmas\u0131n\u0131 sa\u011flayan \u00f6nemli bir fakt\u00f6rd\u00fcr. G\u00fcn\u00fcm\u00fczde teknolojinin h\u0131zla ilerlemesi, i\u015f d\u00fcnyas\u0131n\u0131n &#8230;<\/p>\n\t\t\t<\/div>\r\n\t\t\r\n\t\t\r\n\t\t\t<\/article>\r\n<\/li>\r\n\r\n\t\t\t\t\t\t\t\t\t\t\t\t\t\t\t\t\t\t\t\t\t\t\t\t\t\t\t\t<\/ul>\r\n\t\t\t\t\t\t\t                            <div class=\"penci-pagination penci-ajax-more penci-ajax-home penci-ajax-more-click\">\r\n                                <a class=\"penci-ajax-more-button\" aria-label=\"More Posts\" href=\"#\"\r\n                                   data-blockuid=\"pencilatest_posts_57528\"\r\n\t\t\t\t\t\t\t\t\t                                   data-query=\"{&quot;orderby&quot;:&quot;date&quot;,&quot;order&quot;:&quot;desc&quot;,&quot;ignore_sticky_posts&quot;:1,&quot;post_status&quot;:&quot;publish&quot;,&quot;post__not_in&quot;:[],&quot;post_type&quot;:&quot;post&quot;,&quot;posts_per_page&quot;:9,&quot;tax_query&quot;:[],&quot;paged&quot;:1}\"\r\n                                   data-query_type=\"post\"\r\n                                   data-mes=\"Sorry, No more posts\"\r\n                                   data-layout=\"grid\"\r\n                                   data-number=\"6\"\r\n                                   data-offset=\"9\" data-exclude=\"\" data-from=\"vc\" data-come_from=\"vc-elementor\"\r\n                                   data-template=\"sidebar\"\r\n                                   data-mixed=\"s1\">\r\n                                    <span class=\"ajax-more-text\">Load More Posts<\/span><span\r\n                                            class=\"ajaxdot\"><\/span><i class=\"penci-faicon fa fa-refresh\" ><\/i>                                <\/a>\r\n                            <\/div>\r\n\t\t\t\t\t\t\t<script>if( typeof(penciBlock) === \"undefined\" ) {function penciBlock() { this.atts_json = ''; this.content = ''; }}var penciBlocksArray = penciBlocksArray || [];var PENCILOCALCACHE = PENCILOCALCACHE || {};var pencilatest_posts_57528 = new penciBlock();pencilatest_posts_57528.blockID=\"pencilatest_posts_57528\";pencilatest_posts_57528.atts_json = '{\"style\":\"grid\",\"heading\":\"\",\"heading_title_style\":\"\",\"heading_title_link\":\"\",\"heading_title_align\":\"\",\"hide_block_heading\":\"\",\"heading_icon_pos\":\"\",\"heading_icon\":\"\",\"number\":\"10\",\"paging\":\"loadmore\",\"morenum\":6,\"exclude\":\"\",\"build_query\":\"\",\"elementor_query\":{\"orderby\":\"date\",\"order\":\"desc\",\"ignore_sticky_posts\":1,\"post_status\":\"publish\",\"post__not_in\":[],\"post_type\":\"post\",\"posts_per_page\":9,\"tax_query\":[]},\"wpblock\":\"\",\"penci_mixed_style\":\"s1\",\"post_alignment\":\"left\",\"share_alignment\":\"\",\"penci_items_martop\":\"\",\"penci_bitems_martop\":\"\",\"penci_sitems_martop\":\"\",\"list_imgwidth\":\"\",\"block_title_color\":\"\",\"block_title_hcolor\":\"\",\"btitle_bcolor\":\"\",\"btitle_outer_bcolor\":\"\",\"btitle_style5_bcolor\":\"\",\"btitle_style78_bcolor\":\"\",\"btitle_bgcolor\":\"\",\"btitle_outer_bgcolor\":\"\",\"btitle_style9_bgimg\":\"\",\"use_btitle_typo\":\"\",\"btitle_typo\":\"\",\"btitle_fsize\":\"\",\"block_title_offupper\":\"\",\"block_title_marginbt\":\"\",\"btitle_shapes_color\":\"\",\"bgstyle15_color\":\"\",\"iconstyle15_color\":\"\",\"cl_lines\":\"\",\"pborder_color\":\"\",\"ptitle_color\":\"\",\"ptitle_hcolor\":\"\",\"use_ptitle_typo\":\"\",\"ptitle_typo\":\"\",\"ptitle_fsize\":\"\",\"pmeta_color\":\"\",\"pmeta_hcolor\":\"\",\"pauthor_color\":\"\",\"pmeta_border_color\":\"\",\"use_pmeta_typo\":\"\",\"pmeta_fsize\":\"\",\"pmeta_typo\":\"\",\"pexcrept_color\":\"\",\"use_pexcrept_typo\":\"\",\"pexcrept_fsize\":\"\",\"pexcrept_typo\":\"\",\"pcat_color\":\"\",\"pcat_hcolor\":\"\",\"use_pcat_typo\":\"\",\"pcat_fsize\":\"\",\"pcat_typo\":\"\",\"prmore_color\":\"\",\"prmore_hcolor\":\"\",\"use_prmore_typo\":\"\",\"prmore_fsize\":\"\",\"prmore_typo\":\"\",\"pag_icon_fsize\":\"\",\"pshare_color\":\"\",\"pshare_hcolor\":\"\",\"pshare_border_color\":\"\",\"pshare_fsize\":\"\",\"pagination_icon\":\"\",\"pagination_size\":\"\",\"pagination_color\":\"\",\"pagination_bordercolor\":\"\",\"pagination_bgcolor\":\"\",\"pagination_hcolor\":\"\",\"pagination_hbordercolor\":\"\",\"pagination_hbgcolor\":\"\",\"standard_meta_overlay\":\"\",\"standard_thumbnail\":\"\",\"std_dis_at_gallery\":\"\",\"standard_thumb_crop\":\"\",\"standard_share_box\":\"\",\"standard_cat\":\"\",\"standard_author\":\"\",\"standard_date\":\"\",\"standard_comment\":\"\",\"standard_viewscount\":\"\",\"standard_readtime\":\"\",\"standard_remove_line\":\"\",\"standard_auto_excerpt\":\"yes\",\"standard_remove_excerpt\":\"\",\"standard_effect_button\":\"\",\"std_continue_btn\":\"\",\"grid_icon_format\":\"\",\"grid_meta_overlay\":\"\",\"grid_uppercase_cat\":\"\",\"grid_lightbox_video\":\"\",\"grid_nocrop_list\":\"\",\"grid_share_box\":\"yes\",\"grid_cat\":\"\",\"grid_author\":\"\",\"grid_date\":\"\",\"grid_comment\":\"\",\"grid_comment_other\":\"\",\"grid_viewscount\":\"\",\"grid_readtime\":\"\",\"grid_remove_line\":\"yes\",\"grid_remove_excerpt\":\"\",\"grid_add_readmore\":\"\",\"grid_remove_arrow\":\"\",\"grid_readmore_button\":\"\",\"grid_readmore_align\":\"left\",\"grid_excerpt_length\":22,\"standard_excerpt_length\":\"\",\"std_continue_align\":\"center\",\"std_excerpt_align\":\"center\",\"grid_excerpt_align\":\"left\",\"order_columns\":\"\",\"order_columns_tablet\":\"\",\"order_columns_mobile\":\"\",\"order_column_gap\":\"\",\"order_row_gap\":\"\",\"infeed_num\":\"3\",\"infeed_code\":\"\",\"infeed_layout\":\"\",\"bptitle_color\":\"\",\"bptitle_hcolor\":\"\",\"bptitle_fsize\":\"\",\"bpmeta_color\":\"\",\"bpmeta_hcolor\":\"\",\"bpauthor_color\":\"\",\"bpmeta_border_color\":\"\",\"bpmeta_fsize\":\"\",\"bpcat_color\":\"\",\"bpcat_hcolor\":\"\",\"bpcat_fsize\":\"\",\"bpexcerpt_size\":\"\",\"bsocialshare_size\":\"\",\"standard_title_length\":\"\",\"grid_title_length\":\"\",\"penci_featimg_size\":null,\"penci_featimg_ratio\":null,\"thumb_size\":\"\",\"thumb_bigsize\":\"\",\"archive_buider_check\":\"post\",\"biggrid_ajaxfilter_cat\":\"\",\"biggrid_ajaxfilter_tag\":\"\",\"biggrid_ajaxfilter_author\":\"\",\"group_more_link_text\":\"\",\"group_more_defaultab_text\":\"All\",\"biggrid_ajax_loading_style\":\"df\",\"validator\":\"\",\"keys\":\"\",\"acf\":\"\",\"label\":\"\",\"divider\":\"\",\"cspost_enable\":\"\",\"cspost_cpost_meta\":\"\",\"cspost_cpost_acf_meta\":\"\",\"cspost_cpost_meta_label\":\"\",\"cspost_cpost_meta_divider\":\"\",\"wrapper_css\":\" pencipw-hd-text\",\"category_ids\":\"\",\"taxonomy\":\"\"}';penciBlocksArray.push(pencilatest_posts_57528);<\/script>\t\t\t\t\t\t\t                        <\/div>\r\n\r\n\t\t\t\t\t\t                    <\/div>\r\n                <\/div>\r\n\t\t\t            <style>\r\n                                                                                                                                #pencilatest_posts_57528                .list-post .header-list-style:after,\r\n                #pencilatest_posts_57528 .grid-header-box:after,\r\n                #pencilatest_posts_57528 .penci-overlay-over .overlay-header-box:after,\r\n                #pencilatest_posts_57528 .home-featured-cat-content .first-post .magcat-detail .mag-header:after {\r\n                    content: none;\r\n                }\r\n                #pencilatest_posts_57528                .list-post .header-list-style, #pencilatest_posts_57528 .grid-header-box,\r\n                #pencilatest_posts_57528 .penci-overlay-over .overlay-header-box,\r\n                #pencilatest_posts_57528 .home-featured-cat-content .first-post .magcat-detail .mag-header {\r\n                    padding-bottom: 0;\r\n                }\r\n                                                                            <\/style>\r\n\t\t\t\t\t\t\t<\/div>\n\t\t\t\t<\/div>\n\t\t\t\t\t<\/div>\n\t\t<\/div>\n\t\t\t\t\t<\/div>\n\t\t<\/section>\n\t\t\t\t<section class=\"penci-section penci-dmcheck penci-elbg-activate penci-disSticky penci-structure-10 elementor-section elementor-top-section elementor-element elementor-element-2e8e0c5 elementor-section-content-middle elementor-section-full_width elementor-section-height-default elementor-section-height-default\" data-id=\"2e8e0c5\" data-element_type=\"section\" data-settings=\"{&quot;background_background&quot;:&quot;classic&quot;}\">\n\t\t\t\t\t\t\t<div class=\"elementor-background-overlay\"><\/div>\n\t\t\t\t\t\t\t<div class=\"elementor-container elementor-column-gap-extended\">\n\t\t\t\t\t<div class=\"penci-ercol-100 penci-ercol-order-1 penci-sticky-ct  penci-dmcheck penci-elbg-activate penci-elbg-img elementor-column elementor-col-100 elementor-top-column elementor-element elementor-element-9452985\" data-id=\"9452985\" data-element_type=\"column\" data-settings=\"{&quot;background_background&quot;:&quot;classic&quot;}\">\n\t\t\t<div class=\"elementor-widget-wrap elementor-element-populated\">\n\t\t\t\t\t<div class=\"elementor-background-overlay\"><\/div>\n\t\t\t\t\t\t<div class=\"elementor-element elementor-element-00d4bf7 elementor-widget elementor-widget-penci-fancy_heading\" data-id=\"00d4bf7\" data-element_type=\"widget\" data-widget_type=\"penci-fancy_heading.default\">\n\t\t\t\t<div class=\"elementor-widget-container\">\n\t\t\t\t\t\t\t<div class=\"penci-fancy-heading penci-heading-text-center\">\r\n\t\t\t<div class=\"penci-fancy-heading-inner\">\r\n\t\t\t\t<h2 class=\"penci-heading-title\"><span class=\"inner-tit\">E\u011fitim Felsefesi<\/span><\/h2><div class=\"penci-heading-content entry-content\"><p>Bo\u011fazi\u00e7ivip E\u011fitim Kurumlar\u0131 olarak ilerlemeci e\u011fitim felsefesini benimsemekteyiz. Felsefemiz bireyin ilgi ve yeteneklerinin \u00f6n plana \u00e7\u0131kar\u0131lmas\u0131 ve bu do\u011frultuda y\u00f6nlendirilerek gelece\u011fini olu\u015fturulmas\u0131 esas\u0131na dayanmaktad\u0131r. Problem \u00e7\u00f6zme ve i\u015f birli\u011fi esas al\u0131narak olu\u015fturulan demokratik \u00f6\u011frenme ortamlar\u0131nda bireyler ya\u015fama haz\u0131rlanmaktad\u0131rlar.<\/p>\n<\/div>\t\t\t<\/div>\r\n\t\t<\/div>\r\n\t\t\t\t\t\t<\/div>\n\t\t\t\t<\/div>\n\t\t\t\t<div class=\"elementor-element elementor-element-988b416 elementor-align-center elementor-widget elementor-widget-button\" data-id=\"988b416\" data-element_type=\"widget\" data-widget_type=\"button.default\">\n\t\t\t\t<div class=\"elementor-widget-container\">\n\t\t\t\t\t\t\t\t\t<div class=\"elementor-button-wrapper\">\n\t\t\t\t\t<a class=\"elementor-button elementor-button-link elementor-size-lg\" href=\"#\">\n\t\t\t\t\t\t<span class=\"elementor-button-content-wrapper\">\n\t\t\t\t\t\t\t\t\t<span class=\"elementor-button-text\">follow us<\/span>\n\t\t\t\t\t<\/span>\n\t\t\t\t\t<\/a>\n\t\t\t\t<\/div>\n\t\t\t\t\t\t\t\t<\/div>\n\t\t\t\t<\/div>\n\t\t\t\t\t<\/div>\n\t\t<\/div>\n\t\t\t\t\t<\/div>\n\t\t<\/section>\n\t\t\t\t<\/div>\n\t\t","protected":false},"excerpt":{"rendered":"<p>E\u011fitim Felsefesi E\u011fitim 21. Y\u00fczy\u0131lda E\u011fitimin \u00d6nemi by sehid katan 16 Ekim 2023 by sehid katan 16 Ekim 2023 21. y\u00fczy\u0131lda e\u011fitim, bireylerin ba\u015far\u0131l\u0131 bir gelecek i\u00e7in gerekli olan becerileri&hellip;<\/p>\n","protected":false},"author":1,"featured_media":0,"parent":0,"menu_order":0,"comment_status":"closed","ping_status":"closed","template":"page-fullwidth.php","meta":{"content-type":"","footnotes":""},"class_list":["post-14","page","type-page","status-publish","hentry"],"_links":{"self":[{"href":"https:\/\/1919pro.com\/index.php\/wp-json\/wp\/v2\/pages\/14","targetHints":{"allow":["GET"]}}],"collection":[{"href":"https:\/\/1919pro.com\/index.php\/wp-json\/wp\/v2\/pages"}],"about":[{"href":"https:\/\/1919pro.com\/index.php\/wp-json\/wp\/v2\/types\/page"}],"author":[{"embeddable":true,"href":"https:\/\/1919pro.com\/index.php\/wp-json\/wp\/v2\/users\/1"}],"replies":[{"embeddable":true,"href":"https:\/\/1919pro.com\/index.php\/wp-json\/wp\/v2\/comments?post=14"}],"version-history":[{"count":10,"href":"https:\/\/1919pro.com\/index.php\/wp-json\/wp\/v2\/pages\/14\/revisions"}],"predecessor-version":[{"id":437,"href":"https:\/\/1919pro.com\/index.php\/wp-json\/wp\/v2\/pages\/14\/revisions\/437"}],"wp:attachment":[{"href":"https:\/\/1919pro.com\/index.php\/wp-json\/wp\/v2\/media?parent=14"}],"curies":[{"name":"wp","href":"https:\/\/api.w.org\/{rel}","templated":true}]}}