{"id":187,"date":"2019-10-28T01:50:50","date_gmt":"2019-10-28T01:50:50","guid":{"rendered":"https:\/\/demosoledad.pencidesign.net\/soledad-construction-business-multipurpose\/?page_id=6"},"modified":"2024-01-04T14:43:16","modified_gmt":"2024-01-04T11:43:16","slug":"soledad_home","status":"publish","type":"page","link":"https:\/\/1919pro.com\/","title":{"rendered":"Anasayfa"},"content":{"rendered":"\t\t<div data-elementor-type=\"wp-page\" data-elementor-id=\"187\" class=\"elementor elementor-187\">\n\t\t\t\t\t\t<section class=\"penci-section penci-disSticky penci-structure-10 elementor-section elementor-top-section elementor-element elementor-element-ec1d8de elementor-section-full_width elementor-section-height-default elementor-section-height-default\" data-id=\"ec1d8de\" data-element_type=\"section\">\n\t\t\t\t\t\t<div class=\"elementor-container elementor-column-gap-no\">\n\t\t\t\t\t<div class=\"penci-ercol-100 penci-ercol-order-1 penci-sticky-ct    elementor-column elementor-col-100 elementor-top-column elementor-element elementor-element-4e155c0\" data-id=\"4e155c0\" data-element_type=\"column\">\n\t\t\t<div class=\"elementor-widget-wrap elementor-element-populated\">\n\t\t\t\t\t\t<div class=\"elementor-element elementor-element-ccdc0f2 penci-h-poswrap-center penci-v-poswrap-middle elementor-widget elementor-widget-penci-custom-sliders\" data-id=\"ccdc0f2\" data-element_type=\"widget\" data-widget_type=\"penci-custom-sliders.default\">\n\t\t\t\t<div class=\"elementor-widget-container\">\n\t\t\t\t\t<div class=\"penci-block-vc penci-custom-slides\"><div class=\"penci-block_content penci-slides-wrap penci-owl-carousel penci-owl-carousel-slider pcdots-dots\"  data-items=\"1\" data-auto=\"true\" data-autotime=\"4000\" data-speed=\"800\" data-anim=\"slide\"><div class=\"elementor-repeater-item-b359ea0 penci-ctslide-wrap\"><div class=\"penci-custom-slide\"><div class=\"penci-ctslide-bg\"><\/div><div class=\"penci-ctslide-inner\"><div class=\"penci-ctslider-bg-overlay\"><\/div><div class=\"penci-ctslider-content penci-fadeInUp\"><h2 class=\"pencislider-title\">E\u011fitim Bizim i\u015fimiz<\/h2><div class=\"pencislider-caption\">\"Gaziantep'in gelece\u011fi Bo\u011fazi\u00e7i'yle \u015fekilleniyor.\"<\/div><div class=\"penci-slider_btnwrap\"><a class=\"pencislider-btn pencislider-btn-1 penci-button\" href=\"#\"><span>E\u011fitim<\/span><\/a><a class=\"pencislider-btn pencislider-btn-2 penci-button\" href=\"#\"><span>S\u0131n\u0131f<\/span><\/a><\/div><\/div><\/div><\/div><\/div><div class=\"elementor-repeater-item-e7fc2e0 penci-ctslide-wrap\"><div class=\"penci-custom-slide\"><div class=\"penci-ctslide-bg\"><\/div><div class=\"penci-ctslide-inner\"><div class=\"penci-ctslider-bg-overlay\"><\/div><div class=\"penci-ctslider-content penci-fadeInUp\"><h2 class=\"pencislider-title\">Gaziantep'in gelece\u011fi Bo\u011fazi\u00e7i'yle \u015fekilleniyor.<\/h2><div class=\"pencislider-caption\">\nAYT ve TYT S\u0131navlar\u0131na Haz\u0131rl\u0131k \u0130\u00e7in Ortaokul D\u00fczeyindeki \u00d6\u011frencilere Y\u00f6nelik Geli\u015fmi\u015f Dersler Sunan Sitemize Ho\u015f Geldiniz<\/div><div class=\"penci-slider_btnwrap\"><a class=\"pencislider-btn pencislider-btn-2 penci-button\" href=\"#\"><span>Fazlas\u0131n\u0131 Ke\u015ffet<\/span><\/a><\/div><\/div><\/div><\/div><\/div><div class=\"elementor-repeater-item-c4df510 penci-ctslide-wrap\"><div class=\"penci-custom-slide\"><div class=\"penci-ctslide-bg\"><\/div><div class=\"penci-ctslide-inner\"><div class=\"penci-ctslider-bg-overlay\"><\/div><div class=\"penci-ctslider-content penci-fadeInUp\"><h2 class=\"pencislider-title\">E\u011fitimin Kaliteli Adresi<\/h2><div class=\"penci-slider_btnwrap\"><a class=\"pencislider-btn pencislider-btn-2 penci-button\" href=\"#\"><span>Fazlas\u0131n\u0131 Ke\u015ffet<\/span><\/a><\/div><\/div><\/div><\/div><\/div><\/div><\/div>\t\t\t\t<\/div>\n\t\t\t\t<\/div>\n\t\t\t\t\t<\/div>\n\t\t<\/div>\n\t\t\t\t\t<\/div>\n\t\t<\/section>\n\t\t\t\t<section class=\"penci-section penci-disSticky penci-structure-10 elementor-section elementor-top-section elementor-element elementor-element-96ceddc elementor-section-boxed elementor-section-height-default elementor-section-height-default\" data-id=\"96ceddc\" data-element_type=\"section\">\n\t\t\t\t\t\t<div class=\"elementor-container elementor-column-gap-no\">\n\t\t\t\t\t<div class=\"penci-ercol-100 penci-ercol-order-1 penci-sticky-ct    elementor-column elementor-col-100 elementor-top-column elementor-element elementor-element-7b9693c\" data-id=\"7b9693c\" data-element_type=\"column\">\n\t\t\t<div class=\"elementor-widget-wrap elementor-element-populated\">\n\t\t\t\t\t\t<div class=\"elementor-element elementor-element-500ea64 elementor-widget elementor-widget-penci-fancy_heading\" data-id=\"500ea64\" data-element_type=\"widget\" data-widget_type=\"penci-fancy_heading.default\">\n\t\t\t\t<div class=\"elementor-widget-container\">\n\t\t\t\t\t\t\t<div class=\"penci-fancy-heading penci-heading-text-left\">\r\n\t\t\t<div class=\"penci-fancy-heading-inner\">\r\n\t\t\t\t<h2 class=\"penci-heading-title\"><span class=\"inner-tit\">Hakk\u0131mzda<\/span><\/h2><div class=\"penci-heading-content entry-content\"><p>Ortaokul \u00f6\u011frencileri i\u00e7in \u00f6zel olarak tasarlanan platformumuza ho\u015f geldiniz. AYT ve TYT s\u0131navlar\u0131na haz\u0131rl\u0131k i\u00e7in \u00f6zel olarak olu\u015fturulan derslerimizle ola\u011fan\u00fcst\u00fc sonu\u00e7lara ula\u015fman\u0131za yard\u0131mc\u0131 oluyoruz.<\/p>\n<\/div>\t\t\t<\/div>\r\n\t\t<\/div>\r\n\t\t\t\t\t\t<\/div>\n\t\t\t\t<\/div>\n\t\t\t\t<section class=\"penci-section penci-disSticky penci-structure-30 elementor-section elementor-inner-section elementor-element elementor-element-736ddee elementor-section-boxed elementor-section-height-default elementor-section-height-default\" data-id=\"736ddee\" data-element_type=\"section\">\n\t\t\t\t\t\t<div class=\"elementor-container elementor-column-gap-extended\">\n\t\t\t\t\t<div class=\"penci-ercol-33 penci-ercol-order-1 penci-sticky-sb penci-sidebarSC   elementor-column elementor-col-33 elementor-inner-column elementor-element elementor-element-b45c33f\" data-id=\"b45c33f\" data-element_type=\"column\">\n\t\t\t<div class=\"elementor-widget-wrap elementor-element-populated\">\n\t\t\t\t\t\t<div class=\"elementor-element elementor-element-2229d07 elementor-widget elementor-widget-image\" data-id=\"2229d07\" data-element_type=\"widget\" data-widget_type=\"image.default\">\n\t\t\t\t<div class=\"elementor-widget-container\">\n\t\t\t\t\t\t\t\t\t\t\t\t\t\t\t<img fetchpriority=\"high\" decoding=\"async\" width=\"1024\" height=\"683\" src=\"https:\/\/1919pro.com\/wp-content\/uploads\/2023\/10\/reading-making-notes-1024x683.jpg\" class=\"attachment-large size-large wp-image-314\" alt=\"\" srcset=\"https:\/\/1919pro.com\/wp-content\/uploads\/2023\/10\/reading-making-notes-1024x683.jpg 1024w, https:\/\/1919pro.com\/wp-content\/uploads\/2023\/10\/reading-making-notes-300x200.jpg 300w, https:\/\/1919pro.com\/wp-content\/uploads\/2023\/10\/reading-making-notes-768x512.jpg 768w, https:\/\/1919pro.com\/wp-content\/uploads\/2023\/10\/reading-making-notes-1536x1024.jpg 1536w, https:\/\/1919pro.com\/wp-content\/uploads\/2023\/10\/reading-making-notes-2048x1365.jpg 2048w, https:\/\/1919pro.com\/wp-content\/uploads\/2023\/10\/reading-making-notes-1920x1280.jpg 1920w, https:\/\/1919pro.com\/wp-content\/uploads\/2023\/10\/reading-making-notes-1170x780.jpg 1170w, https:\/\/1919pro.com\/wp-content\/uploads\/2023\/10\/reading-making-notes-585x390.jpg 585w, https:\/\/1919pro.com\/wp-content\/uploads\/2023\/10\/reading-making-notes-263x175.jpg 263w\" sizes=\"(max-width: 1024px) 100vw, 1024px\" \/>\t\t\t\t\t\t\t\t\t\t\t\t\t\t\t<\/div>\n\t\t\t\t<\/div>\n\t\t\t\t<div class=\"elementor-element elementor-element-f237ecf elementor-widget elementor-widget-penci-fancy_heading\" data-id=\"f237ecf\" data-element_type=\"widget\" data-widget_type=\"penci-fancy_heading.default\">\n\t\t\t\t<div class=\"elementor-widget-container\">\n\t\t\t\t\t\t\t<div class=\"penci-fancy-heading penci-heading-text-left\">\r\n\t\t\t<div class=\"penci-fancy-heading-inner\">\r\n\t\t\t\t<h2 class=\"penci-heading-title\"><span class=\"inner-tit\">E\u011fitim Materyalleri<\/span><\/h2><div class=\"penci-heading-content entry-content\"><p>Platform, \u00e7e\u015fitli konularda e\u011fitim materyali sa\u011flar. Kullan\u0131c\u0131lar, e\u011fitim derslerine, makalelere ve e\u011fitim videolar\u0131na eri\u015febilirler<\/p>\n<\/div>\t\t\t<\/div>\r\n\t\t<\/div>\r\n\t\t\t\t\t\t<\/div>\n\t\t\t\t<\/div>\n\t\t\t\t\t<\/div>\n\t\t<\/div>\n\t\t\t\t<div class=\"penci-ercol-33 penci-ercol-order-2 penci-sticky-sb penci-sidebarSC   elementor-column elementor-col-33 elementor-inner-column elementor-element elementor-element-6f3aa81\" data-id=\"6f3aa81\" data-element_type=\"column\">\n\t\t\t<div class=\"elementor-widget-wrap elementor-element-populated\">\n\t\t\t\t\t\t<div class=\"elementor-element elementor-element-2776e9e elementor-widget elementor-widget-image\" data-id=\"2776e9e\" data-element_type=\"widget\" data-widget_type=\"image.default\">\n\t\t\t\t<div class=\"elementor-widget-container\">\n\t\t\t\t\t\t\t\t\t\t\t\t\t\t\t<img decoding=\"async\" width=\"1024\" height=\"683\" src=\"https:\/\/1919pro.com\/wp-content\/uploads\/2023\/10\/group-students-table-1024x683.jpg\" class=\"attachment-large size-large wp-image-317\" alt=\"\" srcset=\"https:\/\/1919pro.com\/wp-content\/uploads\/2023\/10\/group-students-table-1024x683.jpg 1024w, https:\/\/1919pro.com\/wp-content\/uploads\/2023\/10\/group-students-table-300x200.jpg 300w, https:\/\/1919pro.com\/wp-content\/uploads\/2023\/10\/group-students-table-768x512.jpg 768w, https:\/\/1919pro.com\/wp-content\/uploads\/2023\/10\/group-students-table-1536x1024.jpg 1536w, https:\/\/1919pro.com\/wp-content\/uploads\/2023\/10\/group-students-table-2048x1365.jpg 2048w, https:\/\/1919pro.com\/wp-content\/uploads\/2023\/10\/group-students-table-1920x1280.jpg 1920w, https:\/\/1919pro.com\/wp-content\/uploads\/2023\/10\/group-students-table-1170x780.jpg 1170w, https:\/\/1919pro.com\/wp-content\/uploads\/2023\/10\/group-students-table-585x390.jpg 585w, https:\/\/1919pro.com\/wp-content\/uploads\/2023\/10\/group-students-table-263x175.jpg 263w\" sizes=\"(max-width: 1024px) 100vw, 1024px\" \/>\t\t\t\t\t\t\t\t\t\t\t\t\t\t\t<\/div>\n\t\t\t\t<\/div>\n\t\t\t\t<div class=\"elementor-element elementor-element-b2a77bf elementor-widget elementor-widget-penci-fancy_heading\" data-id=\"b2a77bf\" data-element_type=\"widget\" data-widget_type=\"penci-fancy_heading.default\">\n\t\t\t\t<div class=\"elementor-widget-container\">\n\t\t\t\t\t\t\t<div class=\"penci-fancy-heading penci-heading-text-left\">\r\n\t\t\t<div class=\"penci-fancy-heading-inner\">\r\n\t\t\t\t<h2 class=\"penci-heading-title\"><span class=\"inner-tit\">Etkile\u015fimli Dersler<\/span><\/h2><div class=\"penci-heading-content entry-content\"><p>Baz\u0131 platformlar, \u00f6\u011frencilerin \u00f6\u011fretmenlerle veya e\u011fitmenlerle do\u011frudan etkile\u015fime girebilece\u011fi etkile\u015fimli dersler sunar.<\/p>\n<\/div>\t\t\t<\/div>\r\n\t\t<\/div>\r\n\t\t\t\t\t\t<\/div>\n\t\t\t\t<\/div>\n\t\t\t\t\t<\/div>\n\t\t<\/div>\n\t\t\t\t<div class=\"penci-ercol-33 penci-ercol-order-3 penci-sticky-sb penci-sidebarSC   elementor-column elementor-col-33 elementor-inner-column elementor-element elementor-element-b1c9eae\" data-id=\"b1c9eae\" data-element_type=\"column\">\n\t\t\t<div class=\"elementor-widget-wrap elementor-element-populated\">\n\t\t\t\t\t\t<div class=\"elementor-element elementor-element-b5f9274 elementor-widget elementor-widget-image\" data-id=\"b5f9274\" data-element_type=\"widget\" data-widget_type=\"image.default\">\n\t\t\t\t<div class=\"elementor-widget-container\">\n\t\t\t\t\t\t\t\t\t\t\t\t\t\t\t<img decoding=\"async\" width=\"1024\" height=\"683\" src=\"https:\/\/1919pro.com\/wp-content\/uploads\/2023\/09\/young-muslim-student-class-1024x683.jpg\" class=\"attachment-large size-large wp-image-279\" alt=\"\" srcset=\"https:\/\/1919pro.com\/wp-content\/uploads\/2023\/09\/young-muslim-student-class-1024x683.jpg 1024w, https:\/\/1919pro.com\/wp-content\/uploads\/2023\/09\/young-muslim-student-class-300x200.jpg 300w, https:\/\/1919pro.com\/wp-content\/uploads\/2023\/09\/young-muslim-student-class-768x513.jpg 768w, https:\/\/1919pro.com\/wp-content\/uploads\/2023\/09\/young-muslim-student-class-1536x1025.jpg 1536w, https:\/\/1919pro.com\/wp-content\/uploads\/2023\/09\/young-muslim-student-class-2048x1367.jpg 2048w, https:\/\/1919pro.com\/wp-content\/uploads\/2023\/09\/young-muslim-student-class-1920x1281.jpg 1920w, https:\/\/1919pro.com\/wp-content\/uploads\/2023\/09\/young-muslim-student-class-1170x781.jpg 1170w, https:\/\/1919pro.com\/wp-content\/uploads\/2023\/09\/young-muslim-student-class-585x390.jpg 585w, https:\/\/1919pro.com\/wp-content\/uploads\/2023\/09\/young-muslim-student-class-263x175.jpg 263w\" sizes=\"(max-width: 1024px) 100vw, 1024px\" \/>\t\t\t\t\t\t\t\t\t\t\t\t\t\t\t<\/div>\n\t\t\t\t<\/div>\n\t\t\t\t<div class=\"elementor-element elementor-element-00e6dad elementor-widget elementor-widget-penci-fancy_heading\" data-id=\"00e6dad\" data-element_type=\"widget\" data-widget_type=\"penci-fancy_heading.default\">\n\t\t\t\t<div class=\"elementor-widget-container\">\n\t\t\t\t\t\t\t<div class=\"penci-fancy-heading penci-heading-text-left\">\r\n\t\t\t<div class=\"penci-fancy-heading-inner\">\r\n\t\t\t\t<h2 class=\"penci-heading-title\"><span class=\"inner-tit\">Sertifikalar ve Te\u015fekk\u00fcr Belgesi<\/span><\/h2><div class=\"penci-heading-content entry-content\"><p>Baz\u0131 platformlar, kursu veya e\u011fitim program\u0131n\u0131 ba\u015far\u0131yla tamamlayan \u00f6\u011frencilere sertifikalar veya te\u015fekk\u00fcr belgeleri verirler.<\/p>\n<\/div>\t\t\t<\/div>\r\n\t\t<\/div>\r\n\t\t\t\t\t\t<\/div>\n\t\t\t\t<\/div>\n\t\t\t\t\t<\/div>\n\t\t<\/div>\n\t\t\t\t\t<\/div>\n\t\t<\/section>\n\t\t\t\t\t<\/div>\n\t\t<\/div>\n\t\t\t\t\t<\/div>\n\t\t<\/section>\n\t\t\t\t<section class=\"penci-section penci-dmcheck penci-elbg-activate penci-elbg-img penci-disSticky penci-structure-20 elementor-section elementor-top-section elementor-element elementor-element-33b17cc elementor-section-content-middle elementor-section-boxed elementor-section-height-default elementor-section-height-default\" data-id=\"33b17cc\" data-element_type=\"section\" data-settings=\"{&quot;background_background&quot;:&quot;classic&quot;}\">\n\t\t\t\t\t\t\t<div class=\"elementor-background-overlay\"><\/div>\n\t\t\t\t\t\t\t<div class=\"elementor-container elementor-column-gap-wider\">\n\t\t\t\t\t<div class=\"penci-ercol-50 penci-ercol-order-1 penci-sticky-ct    elementor-column elementor-col-50 elementor-top-column elementor-element elementor-element-7df9b64\" data-id=\"7df9b64\" data-element_type=\"column\">\n\t\t\t<div class=\"elementor-widget-wrap elementor-element-populated\">\n\t\t\t\t\t\t<div class=\"elementor-element elementor-element-4251409 elementor-widget elementor-widget-penci-fancy_heading\" data-id=\"4251409\" data-element_type=\"widget\" data-widget_type=\"penci-fancy_heading.default\">\n\t\t\t\t<div class=\"elementor-widget-container\">\n\t\t\t\t\t\t\t<div class=\"penci-fancy-heading penci-heading-text-left\">\r\n\t\t\t<div class=\"penci-fancy-heading-inner\">\r\n\t\t\t\t<h2 class=\"penci-heading-title\"><span class=\"inner-tit\">Yeni \u00c7a\u011fa ta\u015f\u0131nan e\u011fitim sekt\u00f6r\u00fcne liderlik ediyoruz<\/span><\/h2><div class=\"penci-heading-content entry-content\"><p>Akademik ve ki\u015fisel becerilerinizi geli\u015ftirmeye \u00e7al\u0131\u015f\u0131yoruz. Bir\u00e7ok kayna\u011f\u0131m\u0131z\u0131 ke\u015ffedin ve yeteneklerinizi geli\u015ftirmenize yard\u0131mc\u0131 olacak e\u011fitim faaliyetlerine kat\u0131l\u0131n.<\/p>\n<\/div>\t\t\t<\/div>\r\n\t\t<\/div>\r\n\t\t\t\t\t\t<\/div>\n\t\t\t\t<\/div>\n\t\t\t\t<div class=\"elementor-element elementor-element-11441bc elementor-widget elementor-widget-button\" data-id=\"11441bc\" data-element_type=\"widget\" data-widget_type=\"button.default\">\n\t\t\t\t<div class=\"elementor-widget-container\">\n\t\t\t\t\t\t\t\t\t<div class=\"elementor-button-wrapper\">\n\t\t\t\t\t<a class=\"elementor-button elementor-button-link elementor-size-lg\" href=\"#\" id=\"Devam\u0131\">\n\t\t\t\t\t\t<span class=\"elementor-button-content-wrapper\">\n\t\t\t\t\t\t\t\t\t<span class=\"elementor-button-text\">Devam\u0131<\/span>\n\t\t\t\t\t<\/span>\n\t\t\t\t\t<\/a>\n\t\t\t\t<\/div>\n\t\t\t\t\t\t\t\t<\/div>\n\t\t\t\t<\/div>\n\t\t\t\t\t<\/div>\n\t\t<\/div>\n\t\t\t\t<div class=\"penci-ercol-50 penci-ercol-order-2 penci-sticky-ct    elementor-column elementor-col-50 elementor-top-column elementor-element elementor-element-60bf287\" data-id=\"60bf287\" data-element_type=\"column\">\n\t\t\t<div class=\"elementor-widget-wrap\">\n\t\t\t\t\t\t\t<\/div>\n\t\t<\/div>\n\t\t\t\t\t<\/div>\n\t\t<\/section>\n\t\t\t\t<section class=\"penci-section penci-disSticky penci-structure-20 elementor-section elementor-top-section elementor-element elementor-element-6eea1bb elementor-section-content-middle elementor-section-boxed elementor-section-height-default elementor-section-height-default\" data-id=\"6eea1bb\" data-element_type=\"section\">\n\t\t\t\t\t\t<div class=\"elementor-container elementor-column-gap-wider\">\n\t\t\t\t\t<div class=\"penci-ercol-50 penci-ercol-order-1 penci-sticky-ct    elementor-column elementor-col-50 elementor-top-column elementor-element elementor-element-22201d3\" data-id=\"22201d3\" data-element_type=\"column\">\n\t\t\t<div class=\"elementor-widget-wrap elementor-element-populated\">\n\t\t\t\t\t\t<div class=\"elementor-element elementor-element-5a6d241 elementor-widget elementor-widget-image\" data-id=\"5a6d241\" data-element_type=\"widget\" data-widget_type=\"image.default\">\n\t\t\t\t<div class=\"elementor-widget-container\">\n\t\t\t\t\t\t\t\t\t\t\t\t\t\t\t<img loading=\"lazy\" decoding=\"async\" width=\"1024\" height=\"514\" src=\"https:\/\/1919pro.com\/wp-content\/uploads\/2024\/01\/yeni6-1024x514.jpg\" class=\"attachment-large size-large wp-image-494\" alt=\"\" srcset=\"https:\/\/1919pro.com\/wp-content\/uploads\/2024\/01\/yeni6-1024x514.jpg 1024w, https:\/\/1919pro.com\/wp-content\/uploads\/2024\/01\/yeni6-300x151.jpg 300w, https:\/\/1919pro.com\/wp-content\/uploads\/2024\/01\/yeni6-768x386.jpg 768w, https:\/\/1919pro.com\/wp-content\/uploads\/2024\/01\/yeni6-1536x772.jpg 1536w, https:\/\/1919pro.com\/wp-content\/uploads\/2024\/01\/yeni6-2048x1029.jpg 2048w, https:\/\/1919pro.com\/wp-content\/uploads\/2024\/01\/yeni6-1920x965.jpg 1920w, https:\/\/1919pro.com\/wp-content\/uploads\/2024\/01\/yeni6-1170x588.jpg 1170w, https:\/\/1919pro.com\/wp-content\/uploads\/2024\/01\/yeni6-585x294.jpg 585w\" sizes=\"(max-width: 1024px) 100vw, 1024px\" \/>\t\t\t\t\t\t\t\t\t\t\t\t\t\t\t<\/div>\n\t\t\t\t<\/div>\n\t\t\t\t\t<\/div>\n\t\t<\/div>\n\t\t\t\t<div class=\"penci-ercol-50 penci-ercol-order-2 penci-sticky-ct    elementor-column elementor-col-50 elementor-top-column elementor-element elementor-element-9f66acc\" data-id=\"9f66acc\" data-element_type=\"column\">\n\t\t\t<div class=\"elementor-widget-wrap elementor-element-populated\">\n\t\t\t\t\t\t<div class=\"elementor-element elementor-element-cdb4b78 elementor-widget elementor-widget-penci-fancy_heading\" data-id=\"cdb4b78\" data-element_type=\"widget\" data-widget_type=\"penci-fancy_heading.default\">\n\t\t\t\t<div class=\"elementor-widget-container\">\n\t\t\t\t\t\t\t<div class=\"penci-fancy-heading penci-heading-text-left\">\r\n\t\t\t<div class=\"penci-fancy-heading-inner\">\r\n\t\t\t\t<h2 class=\"penci-heading-title\"><span class=\"inner-tit\">Neden Bizi Se\u00e7melisiniz?<\/span><\/h2>\t\t\t<\/div>\r\n\t\t<\/div>\r\n\t\t\t\t\t\t<\/div>\n\t\t\t\t<\/div>\n\t\t\t\t<div class=\"elementor-element elementor-element-09d227a elementor-widget elementor-widget-penci-info-box\" data-id=\"09d227a\" data-element_type=\"widget\" data-widget_type=\"penci-info-box.default\">\n\t\t\t\t<div class=\"elementor-widget-container\">\n\t\t\t\t\t        <div id=\"penci_info_box_54017\" class=\"penci-block-vc penci-info-box penci-ibox-float-left penci-view-stacked penci-shape-circle\">\r\n            <div class=\"penci-ibox-inner penci-animation-shrink\">\r\n\t\t\t\t\t\t\t\t<div class=\"penci-ibox-icon penci-ibox-icon--icon penci-icon penci-tibox-icon\"><span class=\"penci-ibox-icon-fa\"><i class=\"penci-ibox-icon--i fa fa-user-plus\" aria-hidden=\"true\"><\/i><\/span><\/div>                <div class=\"penci-ibox-content-wrap\">\r\n\t\t\t\t\t\t\t\t\t\t<h3\r\n                            class=\"penci-ibox-title\">+3000 \u00f6\u011frenci<\/h3>\t\t\t\t\t\t\t\t\t\t                        <div class=\"penci-ibox-content\"><p>\u00d6\u011frencilerimiz bizim i\u00e7in herzaman en de\u011ferli ki\u015filer olmu\u015ftur. Bizi tercih eden binlerce \u00f6\u011frencimizle daha g\u00fc\u00e7l\u00fcy\u00fcz...<\/p>\n<\/div>\t\t\t\t\t                <\/div>\r\n            <\/div>\r\n        <\/div>\r\n\t\t\t\t\t\t<\/div>\n\t\t\t\t<\/div>\n\t\t\t\t<div class=\"elementor-element elementor-element-bee2d39 elementor-widget elementor-widget-penci-info-box\" data-id=\"bee2d39\" data-element_type=\"widget\" data-widget_type=\"penci-info-box.default\">\n\t\t\t\t<div class=\"elementor-widget-container\">\n\t\t\t\t\t        <div id=\"penci_info_box_8927\" class=\"penci-block-vc penci-info-box penci-ibox-float-left penci-view-stacked penci-shape-circle\">\r\n            <div class=\"penci-ibox-inner penci-animation-shrink\">\r\n\t\t\t\t\t\t\t\t<div class=\"penci-ibox-icon penci-ibox-icon--icon penci-icon penci-tibox-icon\"><span class=\"penci-ibox-icon-fa\"><i class=\"penci-ibox-icon--i fa fa-map-marker\" aria-hidden=\"true\"><\/i><\/span><\/div>                <div class=\"penci-ibox-content-wrap\">\r\n\t\t\t\t\t\t\t\t\t\t<h3\r\n                            class=\"penci-ibox-title\">+ \u015eube<\/h3>\t\t\t\t\t\t\t\t\t\t                        <div class=\"penci-ibox-content\"><p>Yurt genelinde t\u00fcm \u015fubelerimizle kusursuz e\u011fitim vermeye devam ediyoruz.<\/p>\n<\/div>\t\t\t\t\t                <\/div>\r\n            <\/div>\r\n        <\/div>\r\n\t\t\t\t\t\t<\/div>\n\t\t\t\t<\/div>\n\t\t\t\t\t<\/div>\n\t\t<\/div>\n\t\t\t\t\t<\/div>\n\t\t<\/section>\n\t\t\t\t<section class=\"penci-section penci-disSticky penci-structure-10 elementor-section elementor-top-section elementor-element elementor-element-9ef8a7c elementor-section-full_width elementor-section-height-default elementor-section-height-default\" data-id=\"9ef8a7c\" data-element_type=\"section\">\n\t\t\t\t\t\t<div class=\"elementor-container elementor-column-gap-no\">\n\t\t\t\t\t<div class=\"penci-ercol-100 penci-ercol-order-1 penci-sticky-ct    elementor-column elementor-col-100 elementor-top-column elementor-element elementor-element-885afb8\" data-id=\"885afb8\" data-element_type=\"column\">\n\t\t\t<div class=\"elementor-widget-wrap elementor-element-populated\">\n\t\t\t\t\t\t<div class=\"elementor-element elementor-element-3111d64 elementor-widget elementor-widget-penci-image-gallery\" data-id=\"3111d64\" data-element_type=\"widget\" data-widget_type=\"penci-image-gallery.default\">\n\t\t\t\t<div class=\"elementor-widget-container\">\n\t\t\t\t\t        <div data-sliderid=\"15626\" id=\"penci-image_gallery_15626\"\n             class=\"penci-block-vc penci-image-gallery penci-image-gallery-s1 pencisc-grid-4 pencisc-grid-tablet-2 pencisc-grid-mobile-1\">\n\t\t\t            <div class=\"penci-block_content  pencisc-grid\">\n\t\t\t\t                <div class=\"penci-gallery-item penci-galitem-1\">\n                    <a class=\"penci-gallery-ite penci-image-holder penci-lazy\"  data-bgset=\"https:\/\/1919pro.com\/wp-content\/uploads\/2023\/10\/3320739-768x512.jpg\"                       href=\"https:\/\/1919pro.com\/wp-content\/uploads\/2023\/10\/3320739-1170x780.jpg\" >\n\t\t\t\t\t\t                        <i class=\"penciicon-expand\"><\/i>\n                    <\/a>\n                <\/div>\n\t\t\t\t                <div class=\"penci-gallery-item penci-galitem-2\">\n                    <a class=\"penci-gallery-ite penci-image-holder penci-lazy\"  data-bgset=\"https:\/\/1919pro.com\/wp-content\/uploads\/2023\/10\/group-students-table-768x512.jpg\"                       href=\"https:\/\/1919pro.com\/wp-content\/uploads\/2023\/10\/group-students-table-1170x780.jpg\" >\n\t\t\t\t\t\t                        <i class=\"penciicon-expand\"><\/i>\n                    <\/a>\n                <\/div>\n\t\t\t\t                <div class=\"penci-gallery-item penci-galitem-3\">\n                    <a class=\"penci-gallery-ite penci-image-holder penci-lazy\"  data-bgset=\"https:\/\/1919pro.com\/wp-content\/uploads\/2023\/10\/audience-listening-speaker-who-standing-front-room-conference-hall-768x512.jpg\"                       href=\"https:\/\/1919pro.com\/wp-content\/uploads\/2023\/10\/audience-listening-speaker-who-standing-front-room-conference-hall-1170x780.jpg\" >\n\t\t\t\t\t\t                        <i class=\"penciicon-expand\"><\/i>\n                    <\/a>\n                <\/div>\n\t\t\t\t                <div class=\"penci-gallery-item penci-galitem-4\">\n                    <a class=\"penci-gallery-ite penci-image-holder penci-lazy\"  data-bgset=\"https:\/\/1919pro.com\/wp-content\/uploads\/2023\/10\/reading-making-notes-768x512.jpg\"                       href=\"https:\/\/1919pro.com\/wp-content\/uploads\/2023\/10\/reading-making-notes-1170x780.jpg\" >\n\t\t\t\t\t\t                        <i class=\"penciicon-expand\"><\/i>\n                    <\/a>\n                <\/div>\n\t\t\t\t            <\/div>\n        <\/div>\n\t\t\t\t\t\t<\/div>\n\t\t\t\t<\/div>\n\t\t\t\t\t<\/div>\n\t\t<\/div>\n\t\t\t\t\t<\/div>\n\t\t<\/section>\n\t\t\t\t<\/div>\n\t\t","protected":false},"excerpt":{"rendered":"<p>E\u011fitim Bizim i\u015fimiz &#8220;Gaziantep&#8217;in gelece\u011fi Bo\u011fazi\u00e7i&#8217;yle \u015fekilleniyor.&#8221;E\u011fitimS\u0131n\u0131f Gaziantep&#8217;in gelece\u011fi Bo\u011fazi\u00e7i&#8217;yle \u015fekilleniyor. AYT ve TYT S\u0131navlar\u0131na Haz\u0131rl\u0131k \u0130\u00e7in Ortaokul D\u00fczeyindeki \u00d6\u011frencilere Y\u00f6nelik Geli\u015fmi\u015f Dersler Sunan Sitemize Ho\u015f GeldinizFazlas\u0131n\u0131 Ke\u015ffet E\u011fitimin Kaliteli&hellip;<\/p>\n","protected":false},"author":1,"featured_media":0,"parent":0,"menu_order":0,"comment_status":"closed","ping_status":"closed","template":"page-fullwidth.php","meta":{"content-type":"","footnotes":""},"class_list":["post-187","page","type-page","status-publish","hentry"],"_links":{"self":[{"href":"https:\/\/1919pro.com\/index.php\/wp-json\/wp\/v2\/pages\/187","targetHints":{"allow":["GET"]}}],"collection":[{"href":"https:\/\/1919pro.com\/index.php\/wp-json\/wp\/v2\/pages"}],"about":[{"href":"https:\/\/1919pro.com\/index.php\/wp-json\/wp\/v2\/types\/page"}],"author":[{"embeddable":true,"href":"https:\/\/1919pro.com\/index.php\/wp-json\/wp\/v2\/users\/1"}],"replies":[{"embeddable":true,"href":"https:\/\/1919pro.com\/index.php\/wp-json\/wp\/v2\/comments?post=187"}],"version-history":[{"count":87,"href":"https:\/\/1919pro.com\/index.php\/wp-json\/wp\/v2\/pages\/187\/revisions"}],"predecessor-version":[{"id":500,"href":"https:\/\/1919pro.com\/index.php\/wp-json\/wp\/v2\/pages\/187\/revisions\/500"}],"wp:attachment":[{"href":"https:\/\/1919pro.com\/index.php\/wp-json\/wp\/v2\/media?parent=187"}],"curies":[{"name":"wp","href":"https:\/\/api.w.org\/{rel}","templated":true}]}}