{"id":514,"date":"2024-01-04T17:31:54","date_gmt":"2024-01-04T14:31:54","guid":{"rendered":"https:\/\/1919pro.com\/?page_id=514"},"modified":"2024-01-05T10:39:15","modified_gmt":"2024-01-05T07:39:15","slug":"kurslar","status":"publish","type":"page","link":"https:\/\/1919pro.com\/index.php\/kurslar\/","title":{"rendered":"Kurslar"},"content":{"rendered":"\t\t<div data-elementor-type=\"wp-page\" data-elementor-id=\"514\" class=\"elementor elementor-514\">\n\t\t\t\t<div class=\"elementor-element elementor-element-a306d2c e-flex e-con-boxed e-con e-parent\" data-id=\"a306d2c\" data-element_type=\"container\">\n\t\t\t\t\t<div class=\"e-con-inner\">\n\t\t\t\t<div class=\"elementor-element elementor-element-a1d5198 elementor-widget elementor-widget-text-editor\" data-id=\"a1d5198\" data-element_type=\"widget\" data-widget_type=\"text-editor.default\">\n\t\t\t\t<div class=\"elementor-widget-container\">\n\t\t\t\t\t\t\t\t\t<p>Deneyimli \u00f6\u011fretmen ekibimiz, sizlere rehberlik etmek ve destek sa\u011flamak ad\u0131na burada. Matematikte derinlemesine anlay\u0131\u015f\u0131n\u0131z\u0131 art\u0131rmak, Arap\u00e7a dil becerilerinizi geli\u015ftirmek veya fen bilimleri ve tarih alanlar\u0131nda uzmanla\u015fmak istedi\u011finizde, deneyimli e\u011fitmenlerimiz size rehberlik etmek i\u00e7in burada.<\/p>\t\t\t\t\t\t\t\t<\/div>\n\t\t\t\t<\/div>\n\t\t\t\t\t<\/div>\n\t\t\t\t<\/div>\n\t\t<div class=\"elementor-element elementor-element-b568138 e-flex e-con-boxed e-con e-parent\" data-id=\"b568138\" data-element_type=\"container\">\n\t\t\t\t\t<div class=\"e-con-inner\">\n\t\t\t\t<div class=\"elementor-element elementor-element-9651cb4 elementor-widget elementor-widget-penci-featured-boxes\" data-id=\"9651cb4\" data-element_type=\"widget\" data-widget_type=\"penci-featured-boxes.default\">\n\t\t\t\t<div class=\"elementor-widget-container\">\n\t\t\t\t\t\t\t<div class=\"clearfix home-featured-boxes home-featured-boxes-sc home-featured-boxes-vc boxes-size-horizontal\">\r\n\t\t\t<ul class=\"homepage-featured-boxes boxes-3-columns\">\r\n\t\t\t\t\t\t\t\t\t\t<li class=\"penci-featured-ct  boxes-has-text\">\r\n\t\t\t\t\t\t\t<a href=\"http:\/\/example1.com\/\">\t\t\t\t\t\t\t<div class=\"penci-fea-in boxes-style-1\">\r\n\t\t\t\t\t\t\t\t\t\t\t\t\t\t\t\t\t<div class=\"fea-box-img penci-image-holder penci-holder-load penci-lazy\" data-bgset=\"https:\/\/1919pro.com\/wp-content\/uploads\/2024\/01\/test-taker-getty-585x390.webp\"><\/div>\r\n\t\t\t\t\t\t\t\t\r\n\t\t\t\t\t\t\t\t\t\t\t\t\t\t\t\t\t<h4><span class=\"boxes-text\"><span>Lise<\/span><\/span><\/h4>\r\n\t\t\t\t\t\t\t\t\t\t\t\t\t\t\t<\/div>\r\n\t\t\t\t\t\t\t<\/a>\t\t\t\t\t\t<\/li>\r\n\t\t\t\t\t\t\t\t\t\t\t\t<li class=\"penci-featured-ct  boxes-has-text\">\r\n\t\t\t\t\t\t\t<a href=\"http:\/\/example1.com\/\">\t\t\t\t\t\t\t<div class=\"penci-fea-in boxes-style-1\">\r\n\t\t\t\t\t\t\t\t\t\t\t\t\t\t\t\t\t<div class=\"fea-box-img penci-image-holder penci-holder-load penci-lazy\" data-bgset=\"https:\/\/1919pro.com\/wp-content\/uploads\/2024\/01\/495639272-585x390.jpg\"><\/div>\r\n\t\t\t\t\t\t\t\t\r\n\t\t\t\t\t\t\t\t\t\t\t\t\t\t\t\t\t<h4><span class=\"boxes-text\"><span>ATY<\/span><\/span><\/h4>\r\n\t\t\t\t\t\t\t\t\t\t\t\t\t\t\t<\/div>\r\n\t\t\t\t\t\t\t<\/a>\t\t\t\t\t\t<\/li>\r\n\t\t\t\t\t\t\t\t\t\t\t\t<li class=\"penci-featured-ct  boxes-has-text\">\r\n\t\t\t\t\t\t\t<a href=\"http:\/\/example1.com\/\">\t\t\t\t\t\t\t<div class=\"penci-fea-in boxes-style-1\">\r\n\t\t\t\t\t\t\t\t\t\t\t\t\t\t\t\t\t<div class=\"fea-box-img penci-image-holder penci-holder-load penci-lazy\" data-bgset=\"https:\/\/1919pro.com\/wp-content\/uploads\/2024\/01\/KPSS-2022-2-MEMUR-ILANI-585x390.jpg\"><\/div>\r\n\t\t\t\t\t\t\t\t\r\n\t\t\t\t\t\t\t\t\t\t\t\t\t\t\t\t\t<h4><span class=\"boxes-text\"><span>TYT<\/span><\/span><\/h4>\r\n\t\t\t\t\t\t\t\t\t\t\t\t\t\t\t<\/div>\r\n\t\t\t\t\t\t\t<\/a>\t\t\t\t\t\t<\/li>\r\n\t\t\t\t\t\t\t\t\t<\/ul>\r\n\t\t<\/div>\r\n\t\t\t\t\t\t<\/div>\n\t\t\t\t<\/div>\n\t\t\t\t\t<\/div>\n\t\t\t\t<\/div>\n\t\t<div class=\"elementor-element elementor-element-68ed930 e-flex e-con-boxed e-con e-parent\" data-id=\"68ed930\" data-element_type=\"container\">\n\t\t\t\t\t<div class=\"e-con-inner\">\n\t\t<div class=\"elementor-element elementor-element-5e1a70b e-con-full e-flex e-con e-child\" data-id=\"5e1a70b\" data-element_type=\"container\">\n\t\t\t\t<div class=\"elementor-element elementor-element-678148b elementor-widget elementor-widget-text-editor\" data-id=\"678148b\" data-element_type=\"widget\" data-widget_type=\"text-editor.default\">\n\t\t\t\t<div class=\"elementor-widget-container\">\n\t\t\t\t\t\t\t\t\t<h1>Kurslar\u0131m\u0131z\u0131 Ke\u015ffedin: Akademik Ba\u015far\u0131n\u0131z \u0130\u00e7in Kap\u0131 Aralay\u0131n<\/h1><h2>E\u011fitim Yolculu\u011funuz i\u00e7in M\u00fckemmel Bir Haz\u0131rl\u0131k<\/h2><p>H\u0131zla de\u011fi\u015fen d\u00fcnyada, akademik ba\u015far\u0131ya ula\u015fmak i\u00e7in etkili e\u011fitim ara\u00e7lar\u0131 olmazsa olmaz hale gelir. Kurslar\u0131m\u0131z, yeni beceriler kazanman\u0131z\u0131, temel kavramlar\u0131 daha iyi anlaman\u0131z\u0131 ve akademik zorluklara en iyi \u015fekilde haz\u0131rlanman\u0131z\u0131 sa\u011flamak i\u00e7in kap\u0131lar\u0131n\u0131 sizin i\u00e7in a\u00e7\u0131yor.<\/p><h2>Her Alan \u0130\u00e7in Uzmanlar<\/h2><h3><strong>\u0130lk\u00f6\u011fretim:<\/strong><\/h3><p>\u0130lk\u00f6\u011fretim \u00f6\u011frencilerinin ihtiya\u00e7lar\u0131n\u0131 kar\u015f\u0131lamak \u00fczere \u00f6zel olarak tasarlanm\u0131\u015f bir dizi kursu ke\u015ffedin. Belirli bir konuda ek destek mi istiyorsunuz yoksa s\u0131navlara haz\u0131rlan\u0131yor musunuz, uzman ekibimiz yard\u0131mc\u0131 olmak i\u00e7in haz\u0131r.<\/p><h3><strong>Orta\u00f6\u011fretim:<\/strong><\/h3><p>Matematik ve fen bilimleri kurslar\u0131ndan dil ve edebiyata, LGS, AYT ve TYT s\u0131navlar\u0131na haz\u0131rl\u0131ktan \u00e7ok \u00e7e\u015fitli ana konular\u0131 i\u00e7eren geni\u015f bir yelpazede kurslar sunuyoruz.<\/p><h2>\u0130nteraktif \u00d6\u011frenme Uzmanlar\u0131m\u0131zla<\/h2><p>Deneyimli ve nitelikli e\u011fitmen ekibimiz, e\u011fitim yolculu\u011funuz boyunca sizi y\u00f6nlendirmekten gurur duyar. Kurslar\u0131m\u0131z, anlay\u0131\u015f\u0131n\u0131z\u0131 art\u0131rmak ve kat\u0131l\u0131m\u0131n\u0131z\u0131 te\u015fvik etmek i\u00e7in tart\u0131\u015fmalar ve pratik etkinlikler i\u00e7erir, b\u00f6ylece etkile\u015fimli bir \u00f6\u011frenme deneyimi sunar.<\/p><h2>E\u011fitim Yolculu\u011funuza Bug\u00fcn Ba\u015flay\u0131n<\/h2><p>Bug\u00fcn kurslar\u0131m\u0131z\u0131 ke\u015ffedin ve benzersiz bir \u00f6\u011frenme deneyimi i\u00e7in etkile\u015fim ve bilgiyi birle\u015ftirdi\u011fimiz en iyi e\u011fitim deneyimini ya\u015fay\u0131n. \u0130htiya\u00e7lar\u0131n\u0131za uygun kursu se\u00e7in ve akademik ba\u015far\u0131ya giden yolculu\u011funuza ba\u015flay\u0131n.<\/p>\t\t\t\t\t\t\t\t<\/div>\n\t\t\t\t<\/div>\n\t\t\t\t<\/div>\n\t\t<div class=\"elementor-element elementor-element-a378712 e-con-full e-flex e-con e-child\" data-id=\"a378712\" data-element_type=\"container\">\n\t\t\t\t<div class=\"elementor-element elementor-element-152241c elementor-widget elementor-widget-image\" data-id=\"152241c\" data-element_type=\"widget\" data-widget_type=\"image.default\">\n\t\t\t\t<div class=\"elementor-widget-container\">\n\t\t\t\t\t\t\t\t\t\t\t\t\t\t\t<img fetchpriority=\"high\" decoding=\"async\" width=\"683\" height=\"1024\" src=\"https:\/\/1919pro.com\/wp-content\/uploads\/2024\/01\/very-serious-boy-with-his-exam-683x1024.jpg\" class=\"attachment-large size-large wp-image-527\" alt=\"\" srcset=\"https:\/\/1919pro.com\/wp-content\/uploads\/2024\/01\/very-serious-boy-with-his-exam-683x1024.jpg 683w, https:\/\/1919pro.com\/wp-content\/uploads\/2024\/01\/very-serious-boy-with-his-exam-200x300.jpg 200w, https:\/\/1919pro.com\/wp-content\/uploads\/2024\/01\/very-serious-boy-with-his-exam-768x1151.jpg 768w, https:\/\/1919pro.com\/wp-content\/uploads\/2024\/01\/very-serious-boy-with-his-exam-1025x1536.jpg 1025w, https:\/\/1919pro.com\/wp-content\/uploads\/2024\/01\/very-serious-boy-with-his-exam-1367x2048.jpg 1367w, https:\/\/1919pro.com\/wp-content\/uploads\/2024\/01\/very-serious-boy-with-his-exam-1920x2877.jpg 1920w, https:\/\/1919pro.com\/wp-content\/uploads\/2024\/01\/very-serious-boy-with-his-exam-1170x1753.jpg 1170w, https:\/\/1919pro.com\/wp-content\/uploads\/2024\/01\/very-serious-boy-with-his-exam-585x877.jpg 585w, https:\/\/1919pro.com\/wp-content\/uploads\/2024\/01\/very-serious-boy-with-his-exam-scaled.jpg 1708w\" sizes=\"(max-width: 683px) 100vw, 683px\" \/>\t\t\t\t\t\t\t\t\t\t\t\t\t\t\t<\/div>\n\t\t\t\t<\/div>\n\t\t\t\t<div class=\"elementor-element elementor-element-6425785 elementor-widget elementor-widget-image\" data-id=\"6425785\" data-element_type=\"widget\" data-widget_type=\"image.default\">\n\t\t\t\t<div class=\"elementor-widget-container\">\n\t\t\t\t\t\t\t\t\t\t\t\t\t\t\t<img decoding=\"async\" width=\"1024\" height=\"732\" src=\"https:\/\/1919pro.com\/wp-content\/uploads\/2024\/01\/d7498187-cae4-4d29-b6c2-97c104821edb-1024x732.png\" class=\"attachment-large size-large wp-image-528\" alt=\"\" srcset=\"https:\/\/1919pro.com\/wp-content\/uploads\/2024\/01\/d7498187-cae4-4d29-b6c2-97c104821edb-1024x732.png 1024w, https:\/\/1919pro.com\/wp-content\/uploads\/2024\/01\/d7498187-cae4-4d29-b6c2-97c104821edb-300x215.png 300w, https:\/\/1919pro.com\/wp-content\/uploads\/2024\/01\/d7498187-cae4-4d29-b6c2-97c104821edb-768x549.png 768w, https:\/\/1919pro.com\/wp-content\/uploads\/2024\/01\/d7498187-cae4-4d29-b6c2-97c104821edb-1170x837.png 1170w, https:\/\/1919pro.com\/wp-content\/uploads\/2024\/01\/d7498187-cae4-4d29-b6c2-97c104821edb-585x418.png 585w, https:\/\/1919pro.com\/wp-content\/uploads\/2024\/01\/d7498187-cae4-4d29-b6c2-97c104821edb.png 1200w\" sizes=\"(max-width: 1024px) 100vw, 1024px\" \/>\t\t\t\t\t\t\t\t\t\t\t\t\t\t\t<\/div>\n\t\t\t\t<\/div>\n\t\t\t\t<\/div>\n\t\t\t\t\t<\/div>\n\t\t\t\t<\/div>\n\t\t\t\t<\/div>\n\t\t","protected":false},"excerpt":{"rendered":"<p>Deneyimli \u00f6\u011fretmen ekibimiz, sizlere rehberlik etmek ve destek sa\u011flamak ad\u0131na burada. Matematikte derinlemesine anlay\u0131\u015f\u0131n\u0131z\u0131 art\u0131rmak, Arap\u00e7a dil becerilerinizi geli\u015ftirmek veya fen bilimleri ve tarih alanlar\u0131nda uzmanla\u015fmak istedi\u011finizde, deneyimli e\u011fitmenlerimiz size&hellip;<\/p>\n","protected":false},"author":2,"featured_media":0,"parent":0,"menu_order":0,"comment_status":"closed","ping_status":"closed","template":"","meta":{"content-type":"","footnotes":""},"class_list":["post-514","page","type-page","status-publish","hentry"],"_links":{"self":[{"href":"https:\/\/1919pro.com\/index.php\/wp-json\/wp\/v2\/pages\/514","targetHints":{"allow":["GET"]}}],"collection":[{"href":"https:\/\/1919pro.com\/index.php\/wp-json\/wp\/v2\/pages"}],"about":[{"href":"https:\/\/1919pro.com\/index.php\/wp-json\/wp\/v2\/types\/page"}],"author":[{"embeddable":true,"href":"https:\/\/1919pro.com\/index.php\/wp-json\/wp\/v2\/users\/2"}],"replies":[{"embeddable":true,"href":"https:\/\/1919pro.com\/index.php\/wp-json\/wp\/v2\/comments?post=514"}],"version-history":[{"count":11,"href":"https:\/\/1919pro.com\/index.php\/wp-json\/wp\/v2\/pages\/514\/revisions"}],"predecessor-version":[{"id":532,"href":"https:\/\/1919pro.com\/index.php\/wp-json\/wp\/v2\/pages\/514\/revisions\/532"}],"wp:attachment":[{"href":"https:\/\/1919pro.com\/index.php\/wp-json\/wp\/v2\/media?parent=514"}],"curies":[{"name":"wp","href":"https:\/\/api.w.org\/{rel}","templated":true}]}}